{"id":1289,"date":"2022-03-11T08:58:09","date_gmt":"2022-03-11T08:58:09","guid":{"rendered":"https:\/\/koerner-architekten.de\/?page_id=1289"},"modified":"2026-04-10T18:01:34","modified_gmt":"2026-04-10T18:01:34","slug":"gewerbebau","status":"publish","type":"page","link":"https:\/\/koerner-architekten.de\/?page_id=1289","title":{"rendered":"Gesch\u00e4ftsgeb\u00e4ude"},"content":{"rendered":"<h2>B\u00fcro- und \u00c4rztehaus Erfurt<\/h2>\n<p>&nbsp;<\/p>\nngg_shortcode_0_placeholder\n\n\n<h2 class=\"wp-block-heading has-black-color has-text-color has-link-color wp-elements-832efe39ce5230c9263f00c371a90072\">Gesch\u00e4ftshaus White Cube Trebur<\/h2>\n\n\n\nngg_shortcode_1_placeholder\n\n\n\n<h2 class=\"wp-block-heading\">Hotel Seepromenade Chiemsee<\/h2>\n\n\n\nngg_shortcode_2_placeholder\n\n\n\n<h2 class=\"wp-block-heading\">Kaffeewelt Schiller Chiemsee in Bernau<\/h2>\n\n\n\nngg_shortcode_3_placeholder\n\n\n\n<h2 class=\"wp-block-heading\">Porzellanwerk Ilmenau Fassadenkonzept<\/h2>\n\n\n\nngg_shortcode_4_placeholder\n\n\n\n<h2 class=\"wp-block-heading\">Motel mit Wohnhaus \u2013 Umbau und Umnutzung Annenhof in Trebur, Hessen<\/h2>\n\n\n\nngg_shortcode_5_placeholder\n\n\n\n<h2 class=\"wp-block-heading\">Gewerbebau Astheim<\/h2>\n\n\n\nngg_shortcode_6_placeholder\n\n\n\n<h2 class=\"wp-block-heading\">B\u00fcro und Industriegeb\u00e4ude Keramag in Fl\u00f6rsheim Neubau<\/h2>\n\n\n\nngg_shortcode_7_placeholder\n\n\n\n<p class=\"wp-block-paragraph\"><\/p>\n","protected":false},"excerpt":{"rendered":"<p>B\u00fcro- und \u00c4rztehaus Erfurt &nbsp; Gesch\u00e4ftshaus White Cube Trebur Hotel Seepromenade Chiemsee Kaffeewelt Schiller Chiemsee in Bernau Porzellanwerk Ilmenau Fassadenkonzept Motel mit Wohnhaus \u2013 Umbau und Umnutzung Annenhof in Trebur, Hessen Gewerbebau Astheim B\u00fcro und Industriegeb\u00e4ude Keramag in Fl\u00f6rsheim Neubau<\/p>\n","protected":false},"author":1,"featured_media":0,"parent":0,"menu_order":0,"comment_status":"closed","ping_status":"closed","template":"","meta":{"_crdt_document":"{\"document\":\"AAAG+7PKV54BiAEIIjwYKLABvlAABgIBAgpKABABAgoCQgEASgCUAQECCkoAEAECCgJCSgCIAQECCkoAEAECCgJCSgCeAQECCkoAEAECCgJCSgCcAQECCkoAEAECCgJCSgCYAgECCkoAEAECCgJCSgA2AQIKSgAQAQIKAkJKALwBAQIKSgAQAQIKAEreDArCU7ABBKgCsAHLASgDJwAEACcABACBAIQCJwAoBCcAKAEnAAcAKAMnACgAJwCHACgDJwEEACgCJwCHACgDJwAoACcAhwAoAycBBAAoACcAhwAoAycAKAAnAIcAKAMnAQQAKAAnAIcAKAMnACgAJwCHACgDJwEEACgAJwCHACgDJwAoACcAhwAoAycBBAAoACcAhwAoAycAKAAnAIcAKAMnAQQAKAAnAIcAKAMnACgAJwCHACgDJwEEACgAJwCHACgDJwAoACcAhwAoAycBKAAnACgBqAHEhCPXIXN0YXRldmVyc2lvbmRvY3VtZW50ZGF0ZWRvY3VtZW50c2x1Z2RvY3VtZW50c3RhdHVzZG9jdW1lbnR0aXRsZUdlc2Now6RmdHNnZWLDpHVkZWRvY3VtZW50Y29udGVudDxoMj5Cw7xyby0gdW5kIMOEcnp0ZWhhdXMgRXJmdXJ0PC9oMj4KPHA+Jm5ic3A7PC9wPgpbbmdnIHNyYz0iZ2FsbGVyaWVzIiBpZHM9IjYyIiBkaXNwbGF5PSJiYXNpY19zbGlkZXNob3ciXQoKPCEtLSB3cDpoZWFkaW5nIHsic3R5bGUiOnsiZWxlbWVudHMiOnsibGluayI6eyJjb2xvciI6eyJ0ZXh0IjoidmFyOnByZXNldHxjb2xvcnxibGFjayJ9fX19LCJ0ZXh0Q29sb3IiOiJibGFjayJ9IC0tPgo8aDIgY2xhc3M9IndwLWJsb2NrLWhlYWRpbmcgaGFzLWJsYWNrLWNvbG9yIGhhcy10ZXh0LWNvbG9yIGhhcy1saW5rLWNvbG9yIj5HZXNjaMOkZnRzaGF1cyBXaGl0ZSBDdWJlIFRyZWJ1cjwvaDI+CjwhLS0gL3dwOmhlYWRpbmcgLS0+Cgo8IS0tIHdwOmltYWdlbHkvbmV4dGdlbi1nYWxsZXJ5IC0tPgpbbmdnIHNyYz0iZ2FsbGVyaWVzIiBpZHM9IjEsNDUiIGV4Y2x1c2lvbnM9IjU4OSw1OTAsNTkyLDIsOCw3MDEsNzAyLDcwMyw3MDQsNzA1LDcwNiw3MDcsNzA4LDcwOSw3MTEsNzEyLDcxMyw3MTQsNzE1LDcxNiw0LDcxNywzIiBzb3J0b3JkZXI9IjcxMCw1OTMsNTkxLDU4OCw1ODksNTkwLDU5Miw1OTQsMSwyLDUsNiw3LDgsNzAxLDcwMiw3MDMsNzA0LDcwNSw3MDYsNzA3LDcwOCw3MDksNzExLDcxMiw3MTMsNzE0LDcxNSw3MTYsNCw3MTcsMyIgZGlzcGxheT0iYmFzaWNfc2xpZGVzaG93Il0KPCEtLSAvd3A6aW1hZ2VseS9uZXh0Z2VuLWdhbGxlcnkgLS0+Cgo8IS0tIHdwOmhlYWRpbmcgLS0+CjxoMiBjbGFzcz0id3AtYmxvY2staGVhZGluZyI+SG90ZWwgU2VlcHJvbWVuYWRlIENoaWVtc2VlPC9oMj4KPCEtLSAvd3A6aGVhZGluZyAtLT4KCjwhLS0gd3A6aW1hZ2VseS9uZXh0Z2VuLWdhbGxlcnkgLS0+CltuZ2cgc3JjPSJnYWxsZXJpZXMiIGlkcz0iNDYiIHNvcnRvcmRlcj0iNTk3LDYwMSw2MDUsNTk5LDU5NSw1OTYsNTk4LDYwMCw2MDIsNjAzLDYwNCw2MDYiIGRpc3BsYXk9ImJhc2ljX3NsaWRlc2hvdyJdCjwhLS0gL3dwOmltYWdlbHkvbmV4dGdlbi1nYWxsZXJ5IC0tPgoKPCEtLSB3cDpoZWFkaW5nIC0tPgo8aDIgY2xhc3M9IndwLWJsb2NrLWhlYWRpbmciPkthZmZlZXdlbHQgU2NoaWxsZXIgQ2hpZW1zZWUgaW4gQmVybmF1PC9oMj4KPCEtLSAvd3A6aGVhZGluZyAtLT4KCjwhLS0gd3A6aW1hZ2VseS9uZXh0Z2VuLWdhbGxlcnkgLS0+CltuZ2cgc3JjPSJnYWxsZXJpZXMiIGlkcz0iNDgiIHNvcnRvcmRlcj0iNjI0LDYyOCw2MjUsNjI2LDYyNyw2MjksNjMwLDYzMSw2MzIsNjMzLDYzNCw2MzUsNjM2LDYzNyw2MzgsNjM5LDY0MCw2NDEsNjQyLDY0NCw2NDUsNjQzLDY0Niw2NDcsNjQ4LDY0OSIgZGlzcGxheT0iYmFzaWNfc2xpZGVzaG93Il0KPCEtLSAvd3A6aW1hZ2VseS9uZXh0Z2VuLWdhbGxlcnkgLS0+Cgo8IS0tIHdwOmhlYWRpbmcgLS0+CjxoMiBjbGFzcz0id3AtYmxvY2staGVhZGluZyI+UG9yemVsbGFud2VyayBJbG1lbmF1IEZhc3NhZGVua29uemVwdDwvaDI+CjwhLS0gL3dwOmhlYWRpbmcgLS0+Cgo8IS0tIHdwOmltYWdlbHkvbmV4dGdlbi1nYWxsZXJ5IC0tPgpbbmdnIHNyYz0iZ2FsbGVyaWVzIiBpZHM9IjQ5IiBleGNsdXNpb25zPSI2NTIsNjYyLDY1MCw2NTEiIHNvcnRvcmRlcj0iNjUyLDY2Miw2NTAsNjUxLDY1NCw2NTcsNjYwLDY1Myw2NjMsNjU1LDY2MSw2NTksNjU2LDY1OCIgZGlzcGxheT0iYmFzaWNfc2xpZGVzaG93Il0KPCEtLSAvd3A6aW1hZ2VseS9uZXh0Z2VuLWdhbGxlcnkgLS0+Cgo8IS0tIHdwOmhlYWRpbmcgLS0+CjxoMiBjbGFzcz0id3AtYmxvY2staGVhZGluZyI+TW90ZWwgbWl0IFdvaG5oYXVzIOKAkyBVbWJhdSB1bmQgVW1udXR6dW5nIEFubmVuaG9mIGluIFRyZWJ1ciwgSGVzc2VuPC9oMj4KPCEtLSAvd3A6aGVhZGluZyAtLT4KCjwhLS0gd3A6aW1hZ2VseS9uZXh0Z2VuLWdhbGxlcnkgLS0+CltuZ2cgc3JjPSJnYWxsZXJpZXMiIGlkcz0iMTMiIGRpc3BsYXk9ImJhc2ljX3NsaWRlc2hvdyJdCjwhLS0gL3dwOmltYWdlbHkvbmV4dGdlbi1nYWxsZXJ5IC0tPgoKPCEtLSB3cDpoZWFkaW5nIC0tPgo8aDIgY2xhc3M9IndwLWJsb2NrLWhlYWRpbmciPkdld2VyYmViYXUgQXN0aGVpbTwvaDI+CjwhLS0gL3dwOmhlYWRpbmcgLS0+Cgo8IS0tIHdwOmltYWdlbHkvbmV4dGdlbi1nYWxsZXJ5IC0tPgpbbmdnIHNyYz0iZ2FsbGVyaWVzIiBpZHM9IjQ3IiBleGNsdXNpb25zPSI2MDcsNjExLDYxMiw2MTQsNjE2LDYxNyw2MjEsNjIyLDYyMyIgc29ydG9yZGVyPSI2MDcsNjA4LDYxMyw2MTAsNjA5LDYxMSw2MTIsNjE0LDYxNSw2MTYsNjE3LDYxOSw2MTgsNjIwLDYyMSw2MjIsNjIzIiBkaXNwbGF5PSJiYXNpY19zbGlkZXNob3ciXQo8IS0tIC93cDppbWFnZWx5L25leHRnZW4tZ2FsbGVyeSAtLT4KCjwhLS0gd3A6aGVhZGluZyAtLT4KPGgyIGNsYXNzPSJ3cC1ibG9jay1oZWFkaW5nIj5Cw7xybyB1bmQgSW5kdXN0cmllZ2Viw6R1ZGUgS2VyYW1hZyBpbiBGbMO2cnNoZWltIE5ldWJhdTwvaDI+CjwhLS0gL3dwOmhlYWRpbmcgLS0+Cgo8IS0tIHdwOmltYWdlbHkvbmV4dGdlbi1nYWxsZXJ5IC0tPgpbbmdnIHNyYz0iZ2FsbGVyaWVzIiBpZHM9IjU1IiBleGNsdXNpb25zPSI3ODAsNzc0IiBkaXNwbGF5PSJiYXNpY19zbGlkZXNob3ciIG9yZGVyX2J5PSJwaWQiXQo8IS0tIC93cDppbWFnZWx5L25leHRnZW4tZ2FsbGVyeSAtLT4KCjwhLS0gd3A6cGFyYWdyYXBoIC0tPgo8cD48L3A+CjwhLS0gL3dwOnBhcmFncmFwaCAtLT5kb2N1bWVudGV4Y2VycHRkb2N1bWVudGF1dGhvcmRvY3VtZW50ZmVhdHVyZWRfbWVkaWFkb2N1bWVudGNvbW1lbnRfc3RhdHVzZG9jdW1lbnRwaW5nX3N0YXR1c2RvY3VtZW50dGVtcGxhdGVkb2N1bWVudG1ldGFuZ2dfcG9zdF90aHVtYm5haWxmb290bm90ZXNkb2N1bWVudGJsb2Nrc2NsaWVudElkaXNWYWxpZG9yaWdpbmFsQ29udGVudG5hbWVhdHRyaWJ1dGVzY29udGVudGlubmVyQmxvY2tzY2xpZW50SWRpc1ZhbGlkb3JpZ2luYWxDb250ZW50bmFtZWF0dHJpYnV0ZXNjb250ZW50R2VzY2jDpGZ0c2hhdXMgV2hpdGUgQ3ViZSBUcmVidXJsZXZlbHN0eWxldGV4dENvbG9yaW5uZXJCbG9ja3NjbGllbnRJZGlzVmFsaWRvcmlnaW5hbENvbnRlbnRuYW1lYXR0cmlidXRlc2NvbnRlbnRpbm5lckJsb2Nrc2NsaWVudElkaXNWYWxpZG9yaWdpbmFsQ29udGVudG5hbWVhdHRyaWJ1dGVzY29udGVudEhvdGVsIFNlZXByb21lbmFkZSBDaGllbXNlZWxldmVsaW5uZXJCbG9ja3NjbGllbnRJZGlzVmFsaWRvcmlnaW5hbENvbnRlbnRuYW1lYXR0cmlidXRlc2NvbnRlbnRpbm5lckJsb2Nrc2NsaWVudElkaXNWYWxpZG9yaWdpbmFsQ29udGVudG5hbWVhdHRyaWJ1dGVzY29udGVudEthZmZlZXdlbHQgU2NoaWxsZXIgQ2hpZW1zZWUgaW4gQmVybmF1bGV2ZWxpbm5lckJsb2Nrc2NsaWVudElkaXNWYWxpZG9yaWdpbmFsQ29udGVudG5hbWVhdHRyaWJ1dGVzY29udGVudGlubmVyQmxvY2tzY2xpZW50SWRpc1ZhbGlkb3JpZ2luYWxDb250ZW50bmFtZWF0dHJpYnV0ZXNjb250ZW50UG9yemVsbGFud2VyayBJbG1lbmF1IEZhc3NhZGVua29uemVwdGxldmVsaW5uZXJCbG9ja3NjbGllbnRJZGlzVmFsaWRvcmlnaW5hbENvbnRlbnRuYW1lYXR0cmlidXRlc2NvbnRlbnRpbm5lckJsb2Nrc2NsaWVudElkaXNWYWxpZG9yaWdpbmFsQ29udGVudG5hbWVhdHRyaWJ1dGVzY29udGVudE1vdGVsIG1pdCBXb2huaGF1cyDigJMgVW1iYXUgdW5kIFVtbnV0enVuZyBBbm5lbmhvZiBpbiBUcmVidXIsIEhlc3NlbmxldmVsaW5uZXJCbG9ja3NjbGllbnRJZGlzVmFsaWRvcmlnaW5hbENvbnRlbnRuYW1lYXR0cmlidXRlc2NvbnRlbnRpbm5lckJsb2Nrc2NsaWVudElkaXNWYWxpZG9yaWdpbmFsQ29udGVudG5hbWVhdHRyaWJ1dGVzY29udGVudEdld2VyYmViYXUgQXN0aGVpbWxldmVsaW5uZXJCbG9ja3NjbGllbnRJZGlzVmFsaWRvcmlnaW5hbENvbnRlbnRuYW1lYXR0cmlidXRlc2NvbnRlbnRpbm5lckJsb2Nrc2NsaWVudElkaXNWYWxpZG9yaWdpbmFsQ29udGVudG5hbWVhdHRyaWJ1dGVzY29udGVudELDvHJvIHVuZCBJbmR1c3RyaWVnZWLDpHVkZSBLZXJhbWFnIGluIEZsw7Zyc2hlaW0gTmV1YmF1bGV2ZWxpbm5lckJsb2Nrc2NsaWVudElkaXNWYWxpZG9yaWdpbmFsQ29udGVudG5hbWVhdHRyaWJ1dGVzY29udGVudGlubmVyQmxvY2tzY2xpZW50SWRpc1ZhbGlkb3JpZ2luYWxDb250ZW50bmFtZWF0dHJpYnV0ZXNjb250ZW50ZHJvcENhcGlubmVyQmxvY2tzc3RhdGVzYXZlZEF0c3RhdGVzYXZlZEJ5PHA+PC9wPgUHCAQIBAgGCAUQCAceFDiYKAgHCAYIDggOCAtIAQQSCQgGCAcPBAoHCwgHDwQKBx9FAAkLCAcPBAoHCwgHDwQKBxsFCwgHDwQKBwsIBw8ECgcmBQsIBw8ECgcLCAcPBAoHJQULCAcPBAoHCwgHDwQKB4MBBQsIBw8ECgcLCAcPBAoHEgULCAcPBAoHCwgHDwQKBzUFCwgHDwQKBwsIBw8ECkcACwUHBQcDBBIBBAAAAQAAAAEGAAEBAACBAQE8QgEBAEEAAEEAAgBBAABBAAIAQQAAQQACAEEAAEEAAgBBAABBAAIAQQAAQQACAEEAAEEAAgBBAABBAAIABUECDEFbAa0BAH0BdxMyMDIyLTAzLTExVDA4OjU4OjA5dwpnZXdlcmJlYmF1dwdwdWJsaXNofQF9AHcGY2xvc2VkdwZjbG9zZWR3AH0AdwB3JGI2YzZlNWYxLWQzNzktNDNiMC1iYWU0LTEyZTBkNzdiYjIzYXh3fzxoMj5Cw7xyby0gdW5kIMOEcnp0ZWhhdXMgRXJmdXJ0LCAyMDI1Jm5ic3A7PC9oMj4KPHA+Jm5ic3A7PC9wPgo8cD5bbmdnIHNyYz0iZ2FsbGVyaWVzIiBpZHM9IjYyIiBkaXNwbGF5PSJiYXNpY19zbGlkZXNob3ciXTwvcD53DWNvcmUvZnJlZWZvcm13fzxoMj5Cw7xyby0gdW5kIMOEcnp0ZWhhdXMgRXJmdXJ0LCAyMDI1Jm5ic3A7PC9oMj4KPHA+Jm5ic3A7PC9wPgo8cD5bbmdnIHNyYz0iZ2FsbGVyaWVzIiBpZHM9IjYyIiBkaXNwbGF5PSJiYXNpY19zbGlkZXNob3ciXTwvcD53JGNmMzgwMzBhLWRhMWUtNGMxMS1iYzk1LTc0OTMxZTJmNTcxMXh3cDxoMiBjbGFzcz0id3AtYmxvY2staGVhZGluZyBoYXMtYmxhY2stY29sb3IgaGFzLXRleHQtY29sb3IgaGFzLWxpbmstY29sb3IiPkdlc2Now6RmdHNoYXVzIFdoaXRlIEN1YmUgVHJlYnVyPC9oMj53DGNvcmUvaGVhZGluZ30CdgEIZWxlbWVudHN2AQRsaW5rdgEFY29sb3J2AQR0ZXh0dxZ2YXI6cHJlc2V0fGNvbG9yfGJsYWNrdwVibGFja3ckOTMyOGJlNDgtZTcyZC00YjU4LWE0MzctNjJjMjI3ZDhjNWZheHeXAltuZ2cgc3JjPSJnYWxsZXJpZXMiIGlkcz0iMSw0NSIgZXhjbHVzaW9ucz0iNTg5LDU5MCw1OTIsMiw4LDcwMSw3MDIsNzAzLDcwNCw3MDUsNzA2LDcwNyw3MDgsNzA5LDcxMSw3MTIsNzEzLDcxNCw3MTUsNzE2LDQsNzE3LDMiIHNvcnRvcmRlcj0iNzEwLDU5Myw1OTEsNTg4LDU4OSw1OTAsNTkyLDU5NCwxLDIsNSw2LDcsOCw3MDEsNzAyLDcwMyw3MDQsNzA1LDcwNiw3MDcsNzA4LDcwOSw3MTEsNzEyLDcxMyw3MTQsNzE1LDcxNiw0LDcxNywzIiBkaXNwbGF5PSJiYXNpY19zbGlkZXNob3ciXXcXaW1hZ2VseS9uZXh0Z2VuLWdhbGxlcnl3lwJbbmdnIHNyYz0iZ2FsbGVyaWVzIiBpZHM9IjEsNDUiIGV4Y2x1c2lvbnM9IjU4OSw1OTAsNTkyLDIsOCw3MDEsNzAyLDcwMyw3MDQsNzA1LDcwNiw3MDcsNzA4LDcwOSw3MTEsNzEyLDcxMyw3MTQsNzE1LDcxNiw0LDcxNywzIiBzb3J0b3JkZXI9IjcxMCw1OTMsNTkxLDU4OCw1ODksNTkwLDU5Miw1OTQsMSwyLDUsNiw3LDgsNzAxLDcwMiw3MDMsNzA0LDcwNSw3MDYsNzA3LDcwOCw3MDksNzExLDcxMiw3MTMsNzE0LDcxNSw3MTYsNCw3MTcsMyIgZGlzcGxheT0iYmFzaWNfc2xpZGVzaG93Il13JDFmYzk1OTUzLTM3MjEtNDViZC04MTcyLTlmMGFkMDlhZTgxNHh3PTxoMiBjbGFzcz0id3AtYmxvY2staGVhZGluZyI+SG90ZWwgU2VlcHJvbWVuYWRlIENoaWVtc2VlPC9oMj53DGNvcmUvaGVhZGluZ30CdyQyZGRlMTdmMy03MWEzLTQ1ODAtOWQ2NC0zODU1MjQwMmY5Zjd4d3RbbmdnIHNyYz0iZ2FsbGVyaWVzIiBpZHM9IjQ2IiBzb3J0b3JkZXI9IjU5Nyw2MDEsNjA1LDU5OSw1OTUsNTk2LDU5OCw2MDAsNjAyLDYwMyw2MDQsNjA2IiBkaXNwbGF5PSJiYXNpY19zbGlkZXNob3ciXXcXaW1hZ2VseS9uZXh0Z2VuLWdhbGxlcnl3dFtuZ2cgc3JjPSJnYWxsZXJpZXMiIGlkcz0iNDYiIHNvcnRvcmRlcj0iNTk3LDYwMSw2MDUsNTk5LDU5NSw1OTYsNTk4LDYwMCw2MDIsNjAzLDYwNCw2MDYiIGRpc3BsYXk9ImJhc2ljX3NsaWRlc2hvdyJddyRmNDdiYmVhYS1lNjNmLTQxZGMtYjViMi0xMmVlNWNmZmMxYTJ4d0g8aDIgY2xhc3M9IndwLWJsb2NrLWhlYWRpbmciPkthZmZlZXdlbHQgU2NoaWxsZXIgQ2hpZW1zZWUgaW4gQmVybmF1PC9oMj53DGNvcmUvaGVhZGluZ30CdyQwYmQ3ZWVkYy1mOTNkLTRhN2YtYTg5Ni0yYmJhYjNlNzUxYmF4d6wBW25nZyBzcmM9ImdhbGxlcmllcyIgaWRzPSI0OCIgc29ydG9yZGVyPSI2MjQsNjI4LDYyNSw2MjYsNjI3LDYyOSw2MzAsNjMxLDYzMiw2MzMsNjM0LDYzNSw2MzYsNjM3LDYzOCw2MzksNjQwLDY0MSw2NDIsNjQ0LDY0NSw2NDMsNjQ2LDY0Nyw2NDgsNjQ5IiBkaXNwbGF5PSJiYXNpY19zbGlkZXNob3ciXXcXaW1hZ2VseS9uZXh0Z2VuLWdhbGxlcnl3rAFbbmdnIHNyYz0iZ2FsbGVyaWVzIiBpZHM9IjQ4IiBzb3J0b3JkZXI9IjYyNCw2MjgsNjI1LDYyNiw2MjcsNjI5LDYzMCw2MzEsNjMyLDYzMyw2MzQsNjM1LDYzNiw2MzcsNjM4LDYzOSw2NDAsNjQxLDY0Miw2NDQsNjQ1LDY0Myw2NDYsNjQ3LDY0OCw2NDkiIGRpc3BsYXk9ImJhc2ljX3NsaWRlc2hvdyJddyQ3NjA1NDY3My05YTRiLTQ1MWMtYTA0OS1jOGQ0MDc1NzU0ZjR4d0c8aDIgY2xhc3M9IndwLWJsb2NrLWhlYWRpbmciPlBvcnplbGxhbndlcmsgSWxtZW5hdSBGYXNzYWRlbmtvbnplcHQ8L2gyPncMY29yZS9oZWFkaW5nfQJ3JDVmODliMGEzLTBhN2EtNDdlZC04YzdjLTcwNDhhMjY1Yzk0MXh3mQFbbmdnIHNyYz0iZ2FsbGVyaWVzIiBpZHM9IjQ5IiBleGNsdXNpb25zPSI2NTIsNjYyLDY1MCw2NTEiIHNvcnRvcmRlcj0iNjUyLDY2Miw2NTAsNjUxLDY1NCw2NTcsNjYwLDY1Myw2NjMsNjU1LDY2MSw2NTksNjU2LDY1OCIgZGlzcGxheT0iYmFzaWNfc2xpZGVzaG93Il13F2ltYWdlbHkvbmV4dGdlbi1nYWxsZXJ5d5kBW25nZyBzcmM9ImdhbGxlcmllcyIgaWRzPSI0OSIgZXhjbHVzaW9ucz0iNjUyLDY2Miw2NTAsNjUxIiBzb3J0b3JkZXI9IjY1Miw2NjIsNjUwLDY1MSw2NTQsNjU3LDY2MCw2NTMsNjYzLDY1NSw2NjEsNjU5LDY1Niw2NTgiIGRpc3BsYXk9ImJhc2ljX3NsaWRlc2hvdyJddyRiZWE3OGIwZi05NzU5LTQ1ODUtYmY1Ny04NTI3YTgzMDNhMGZ4d2c8aDIgY2xhc3M9IndwLWJsb2NrLWhlYWRpbmciPk1vdGVsIG1pdCBXb2huaGF1cyDigJMgVW1iYXUgdW5kIFVtbnV0enVuZyBBbm5lbmhvZiBpbiBUcmVidXIsIEhlc3NlbjwvaDI+dwxjb3JlL2hlYWRpbmd9AnckMTc0ZDQ0MzItM2MzYy00OGVjLTgxODktNDIwM2M5MWI2MzZmeHc4W25nZyBzcmM9ImdhbGxlcmllcyIgaWRzPSIxMyIgZGlzcGxheT0iYmFzaWNfc2xpZGVzaG93Il13F2ltYWdlbHkvbmV4dGdlbi1nYWxsZXJ5dzhbbmdnIHNyYz0iZ2FsbGVyaWVzIiBpZHM9IjEzIiBkaXNwbGF5PSJiYXNpY19zbGlkZXNob3ciXXckMmMwYzY2NjktMGYxOS00YjdiLWExOWYtNTkwZjYyMTUxOGFjeHc0PGgyIGNsYXNzPSJ3cC1ibG9jay1oZWFkaW5nIj5HZXdlcmJlYmF1IEFzdGhlaW08L2gyPncMY29yZS9oZWFkaW5nfQJ3JDE1YWM0ZjE4LWU5NmUtNGUzMi04MDJlLWI3ZGM4ZDBhNjk1Ynh3uQFbbmdnIHNyYz0iZ2FsbGVyaWVzIiBpZHM9IjQ3IiBleGNsdXNpb25zPSI2MDcsNjExLDYxMiw2MTQsNjE2LDYxNyw2MjEsNjIyLDYyMyIgc29ydG9yZGVyPSI2MDcsNjA4LDYxMyw2MTAsNjA5LDYxMSw2MTIsNjE0LDYxNSw2MTYsNjE3LDYxOSw2MTgsNjIwLDYyMSw2MjIsNjIzIiBkaXNwbGF5PSJiYXNpY19zbGlkZXNob3ciXXcXaW1hZ2VseS9uZXh0Z2VuLWdhbGxlcnl3uQFbbmdnIHNyYz0iZ2FsbGVyaWVzIiBpZHM9IjQ3IiBleGNsdXNpb25zPSI2MDcsNjExLDYxMiw2MTQsNjE2LDYxNyw2MjEsNjIyLDYyMyIgc29ydG9yZGVyPSI2MDcsNjA4LDYxMyw2MTAsNjA5LDYxMSw2MTIsNjE0LDYxNSw2MTYsNjE3LDYxOSw2MTgsNjIwLDYyMSw2MjIsNjIzIiBkaXNwbGF5PSJiYXNpY19zbGlkZXNob3ciXXckNzAwMTU5YWMtYWEzOC00ZDI0LTlhMjYtMjVjYzFjMjgxMGE1eHdaPGgyIGNsYXNzPSJ3cC1ibG9jay1oZWFkaW5nIj5Cw7xybyB1bmQgSW5kdXN0cmllZ2Viw6R1ZGUgS2VyYW1hZyBpbiBGbMO2cnNoZWltIE5ldWJhdTwvaDI+dwxjb3JlL2hlYWRpbmd9AnckNjAzOTJiNTEtODQ5OC00ZWE5LWI1ZWMtYmQwNzRlYzdhNGJieHdcW25nZyBzcmM9ImdhbGxlcmllcyIgaWRzPSI1NSIgZXhjbHVzaW9ucz0iNzgwLDc3NCIgZGlzcGxheT0iYmFzaWNfc2xpZGVzaG93IiBvcmRlcl9ieT0icGlkIl13F2ltYWdlbHkvbmV4dGdlbi1nYWxsZXJ5d1xbbmdnIHNyYz0iZ2FsbGVyaWVzIiBpZHM9IjU1IiBleGNsdXNpb25zPSI3ODAsNzc0IiBkaXNwbGF5PSJiYXNpY19zbGlkZXNob3ciIG9yZGVyX2J5PSJwaWQiXXckMzU3N2FiZmYtYTcxYy00ZGQ5LThkMDItZGFjNzA4Mzc1ODFleHcHPHA+PC9wPncOY29yZS9wYXJhZ3JhcGh5e0J514bYxdAAfbuzyld3JGRiNWJmNzljLTRlMzMtNDE3NC05YjkwLTljNDgxMTU5ZGIwY3dzPGgyPkLDvHJvLSB1bmQgw4RyenRlaGF1cyBFcmZ1cnQ8L2gyPgo8cD4mbmJzcDs8L3A+CjxwPltuZ2cgc3JjPSJnYWxsZXJpZXMiIGlkcz0iNjIiIGRpc3BsYXk9ImJhc2ljX3NsaWRlc2hvdyJdPC9wPgH7meUrAzQL7xQABAA=\",\"updateId\":443883595}","ngg_post_thumbnail":0,"footnotes":""},"class_list":["post-1289","page","type-page","status-publish","hentry"],"_links":{"self":[{"href":"https:\/\/koerner-architekten.de\/index.php?rest_route=\/wp\/v2\/pages\/1289","targetHints":{"allow":["GET"]}}],"collection":[{"href":"https:\/\/koerner-architekten.de\/index.php?rest_route=\/wp\/v2\/pages"}],"about":[{"href":"https:\/\/koerner-architekten.de\/index.php?rest_route=\/wp\/v2\/types\/page"}],"author":[{"embeddable":true,"href":"https:\/\/koerner-architekten.de\/index.php?rest_route=\/wp\/v2\/users\/1"}],"replies":[{"embeddable":true,"href":"https:\/\/koerner-architekten.de\/index.php?rest_route=%2Fwp%2Fv2%2Fcomments&post=1289"}],"version-history":[{"count":83,"href":"https:\/\/koerner-architekten.de\/index.php?rest_route=\/wp\/v2\/pages\/1289\/revisions"}],"predecessor-version":[{"id":2293,"href":"https:\/\/koerner-architekten.de\/index.php?rest_route=\/wp\/v2\/pages\/1289\/revisions\/2293"}],"wp:attachment":[{"href":"https:\/\/koerner-architekten.de\/index.php?rest_route=%2Fwp%2Fv2%2Fmedia&parent=1289"}],"curies":[{"name":"wp","href":"https:\/\/api.w.org\/{rel}","templated":true}]}}