{"id":219,"date":"2019-02-13T08:22:54","date_gmt":"2019-02-13T08:22:54","guid":{"rendered":"http:\/\/koerner-architekten.de\/?page_id=219"},"modified":"2025-11-09T23:10:08","modified_gmt":"2025-11-09T23:10:08","slug":"vitae","status":"publish","type":"page","link":"https:\/\/koerner-architekten.de\/?page_id=219","title":{"rendered":"Person"},"content":{"rendered":"\n<p class=\"wp-block-paragraph\"><strong>Prof. Dr.-Ing. Michael K\u00f6rner <\/strong><\/p>\n\n\n\n<p class=\"wp-block-paragraph\">ist von Beruf Architekt und lehrt an der Technischen Hochschule Rosenheim, <\/p>\n\n\n\n<figure class=\"wp-block-gallery has-nested-images columns-default is-cropped wp-block-gallery-1 is-layout-flex wp-block-gallery-is-layout-flex\">\n<figure class=\"wp-block-image size-large is-style-rounded\"><img loading=\"lazy\" decoding=\"async\" width=\"1024\" height=\"680\" data-id=\"1604\" src=\"http:\/\/koerner-architekten.de\/wp-content\/uploads\/2024\/02\/DSC_6990-Bearbeitet-Kopie-1024x680.jpg\" alt=\"\" class=\"wp-image-1604\" srcset=\"https:\/\/koerner-architekten.de\/wp-content\/uploads\/2024\/02\/DSC_6990-Bearbeitet-Kopie-1024x680.jpg 1024w, https:\/\/koerner-architekten.de\/wp-content\/uploads\/2024\/02\/DSC_6990-Bearbeitet-Kopie-300x199.jpg 300w, https:\/\/koerner-architekten.de\/wp-content\/uploads\/2024\/02\/DSC_6990-Bearbeitet-Kopie-768x510.jpg 768w, https:\/\/koerner-architekten.de\/wp-content\/uploads\/2024\/02\/DSC_6990-Bearbeitet-Kopie-1536x1020.jpg 1536w, https:\/\/koerner-architekten.de\/wp-content\/uploads\/2024\/02\/DSC_6990-Bearbeitet-Kopie-2048x1360.jpg 2048w\" sizes=\"auto, (max-width: 767px) 89vw, (max-width: 1000px) 54vw, (max-width: 1071px) 543px, 580px\" \/><\/figure>\n<\/figure>\n\n\n\n<p class=\"wp-block-paragraph\">Fakult\u00e4t Innenarchitektur, Architektur und Design, Baukonstruktion und Entwerfen. <\/p>\n\n\n\n<p class=\"has-text-align-center wp-block-paragraph\"><strong>CURRICULUM VITAE<\/strong><\/p>\n\n\n<table>\n<tbody>\n<tr>\n<td width=\"160\">\n<p>1986 \u2013 1993<\/p>\n<\/td>\n<td width=\"444\">\n<p>Studium an der Technischen Universit\u00e4t Darmstadt<\/p>\n<\/td>\n<\/tr>\n<tr>\n<td width=\"160\">\n<p>01\/1993<\/p>\n<\/td>\n<td width=\"444\">\n<p>Dipl.-Ing. Architekt<\/p>\n<\/td>\n<\/tr>\n<tr>\n<td width=\"160\">\n<p>1994 &#8211;&nbsp;1995<\/p>\n<p>&nbsp;&nbsp;<\/p>\n<\/td>\n<td width=\"444\">\n<p>Projektleitender Architekt und B\u00fcroleiter im Architekturb\u00fcro K\u00f6rner in Trebur, Hessen und Apolda, Th\u00fcringen<\/p>\n<p>Mitglied der Architektenkammer Hessen<\/p>\n<\/td>\n<\/tr>\n<tr>\n<td width=\"160\">\n<p>1995 &#8211; 2000<\/p>\n<p>&nbsp;<\/p>\n<\/td>\n<td width=\"444\">\n<p>Assistenz und Promotion zum Doktor-Ingenieur der Architektur<\/p>\n<p>an der Bauhaus-Universit\u00e4t Weimar<\/p>\n<\/td>\n<\/tr>\n<tr>\n<td width=\"160\">\n<p>1997\u2013 2001&nbsp;<\/p>\n<p>&nbsp;<\/p>\n<\/td>\n<td width=\"444\">\n<p>Eigenes B\u00fcro \u201eK\u00f6rner Architekten\u201c in Weimar<\/p>\n<p>Mitglied der Architektenkammer Th\u00fcringen<\/p>\n<\/td>\n<\/tr>\n<tr>\n<td width=\"160\">\n<p>Ab Oktober 2001<\/p>\n<\/td>\n<td width=\"444\">\n<p>Berufung zum Professor an die Fakult\u00e4t Innenarchitektur der Fachhochschule Rosenheim<\/p>\n<\/td>\n<\/tr>\n<tr>\n<td width=\"160\">\n<p>2002&nbsp;&nbsp;&nbsp;<\/p>\n<\/td>\n<td width=\"444\">\n<p>Eintragung als Ordentliches Mitglied in die Architektenkammer Bayern&nbsp;<\/p>\n<\/td>\n<\/tr>\n<tr>\n<td width=\"160\">\n<p>2004 &#8211; 2009<\/p>\n<p>&nbsp;<\/p>\n<\/td>\n<td width=\"444\">\n<p>Partner, Teilhaber&nbsp;im Architekturb\u00fcro \u201eK\u00f6rner &amp; Ewald Architekten und Ingenieure\u201c<\/p>\n<p>im Rhein-Main-Gebiet und in Rosenheim<\/p>\n<\/td>\n<\/tr>\n<tr>\n<td width=\"160\">\n<p>2009 \u2013 2012<\/p>\n<p>&nbsp;<\/p>\n<\/td>\n<td width=\"444\">\n<p>Eigenes B\u00fcro K\u00d6RNER Architekten &#8211; &nbsp;Architektur und Interior Design in M\u00fcnchen<\/p>\n<\/td>\n<\/tr>\n<tr>\n<td width=\"160\">\n<p>Ab 2012<\/p>\n<\/td>\n<td width=\"444\">\n<p>Leitung Planungsgruppe M\u00fcnchen<\/p>\n<\/td>\n<\/tr>\n<tr>\n<td width=\"160\">\n<p>Ab 2020<\/p>\n<\/td>\n<td width=\"444\">\n<p>Gesch\u00e4ftsf\u00fchrer , K\u00f6rner Architekturb\u00fcro, Architekt &amp; Innenarchitekt PartGmbB, Prof. Dr.-Ing. Michael K\u00f6rner und Monika K\u00f6rner<\/p>\n<\/td>\n<\/tr>\n<\/tbody>\n<\/table>\n\n\n<p class=\"wp-block-paragraph\">Mitgliedschaften:<\/p>\n\n\n\n<p class=\"wp-block-paragraph\">Architektenkammer Bayern<\/p>\n\n\n\n<p class=\"wp-block-paragraph\">Kulturf\u00f6rderverein Prien am Chiemsee<\/p>\n\n\n\n<p class=\"wp-block-paragraph\">K\u00fcnstlerSpectrumPasing in der Kulturfabrik Pasing<\/p>\n\n\n\n<p class=\"wp-block-paragraph\">LC<\/p>\n\n\n\n<p class=\"wp-block-paragraph\"><\/p>\n\n\n\n<p class=\"wp-block-paragraph\"><\/p>\n\n\n\n<p class=\"wp-block-paragraph\"><\/p>\n\n\n\n<p class=\"wp-block-paragraph\"><strong>Monika K\u00f6rner Innenarchitektin BA, FH\/M. Eng.<\/strong> <strong>Holzbau und Energieeffizienz<\/strong>, <strong>TH<\/strong><\/p>\n\n\n\n<figure class=\"wp-block-gallery has-nested-images columns-default is-cropped wp-block-gallery-2 is-layout-flex wp-block-gallery-is-layout-flex\">\n<figure class=\"wp-block-image size-large is-style-rounded\"><img loading=\"lazy\" decoding=\"async\" width=\"1024\" height=\"731\" data-id=\"1278\" src=\"https:\/\/koerner-architekten.de\/wp-content\/uploads\/2020\/11\/Monika-Farbe-20.01.20-1024x731.jpg\" alt=\"\" class=\"wp-image-1278\" srcset=\"https:\/\/koerner-architekten.de\/wp-content\/uploads\/2020\/11\/Monika-Farbe-20.01.20-1024x731.jpg 1024w, https:\/\/koerner-architekten.de\/wp-content\/uploads\/2020\/11\/Monika-Farbe-20.01.20-300x214.jpg 300w, https:\/\/koerner-architekten.de\/wp-content\/uploads\/2020\/11\/Monika-Farbe-20.01.20-768x548.jpg 768w, https:\/\/koerner-architekten.de\/wp-content\/uploads\/2020\/11\/Monika-Farbe-20.01.20-1536x1096.jpg 1536w, https:\/\/koerner-architekten.de\/wp-content\/uploads\/2020\/11\/Monika-Farbe-20.01.20-2048x1461.jpg 2048w\" sizes=\"auto, (max-width: 767px) 89vw, (max-width: 1000px) 54vw, (max-width: 1071px) 543px, 580px\" \/><\/figure>\n<\/figure>\n\n\n<table class=\"MsoTableGrid\" style=\"border-collapse: collapse; border: none; mso-yfti-tbllook: 1184; mso-padding-alt: 0cm 5.4pt 0cm 5.4pt; mso-border-insideh: none; mso-border-insidev: none;\" border=\"0\" cellspacing=\"0\" cellpadding=\"0\">\n<tbody>\n<tr style=\"mso-yfti-irow: 0; mso-yfti-firstrow: yes;\">\n<td style=\"width: 120.25pt; padding: 0cm 5.4pt 0cm 5.4pt;\" valign=\"top\" width=\"160\">\n<p>2005 &#8211; 2009<\/p>\n<\/td>\n<td style=\"width: 332.85pt; padding: 0cm 5.4pt 0cm 5.4pt;\" valign=\"top\" width=\"444\">\n<p>Studium Innenarchitektur an der Fachhochschule Rosenheim<\/p>\n<p>2007 Praxissemester bei Architekturb\u00fcro Krug &amp; Grossmann, Rosenheim<\/p>\n<\/td>\n<\/tr>\n<tr style=\"mso-yfti-irow: 1;\">\n<td style=\"width: 120.25pt; padding: 0cm 5.4pt 0cm 5.4pt;\" valign=\"top\" width=\"160\">\n<p>2009<\/p>\n<\/td>\n<td style=\"width: 332.85pt; padding: 0cm 5.4pt 0cm 5.4pt;\" valign=\"top\" width=\"444\">\n<p>Bachelor of Arts Innenarchitektur FH<\/p>\n<\/td>\n<\/tr>\n<tr style=\"mso-yfti-irow: 2;\">\n<td style=\"width: 120.25pt; padding: 0cm 5.4pt 0cm 5.4pt;\" valign=\"top\" width=\"160\">\n<p>2009 &#8211; 2011<\/p>\n<\/td>\n<td style=\"width: 332.85pt; padding: 0cm 5.4pt 0cm 5.4pt;\" valign=\"top\" width=\"444\">\n<p>B\u00fcro K\u00d6RNER Architekten &#8211; &nbsp;Architektur und Interior Design in<br>Rosenheim und M\u00fcnchen<\/p>\n<\/td>\n<\/tr>\n<tr style=\"mso-yfti-irow: 3;\">\n<td style=\"width: 120.25pt; padding: 0cm 5.4pt 0cm 5.4pt;\" valign=\"top\" width=\"160\">ab 2012&nbsp;<\/td>\n<td style=\"width: 332.85pt; padding: 0cm 5.4pt 0cm 5.4pt;\" valign=\"top\" width=\"444\">Planungsgruppe M\u00fcnchen<\/td>\n<\/tr>\n<tr style=\"mso-yfti-irow: 4;\">\n<td style=\"width: 120.25pt; padding: 0cm 5.4pt 0cm 5.4pt;\" valign=\"top\" width=\"160\">\n<p>2016 &#8211; 2020<\/p>\n<\/td>\n<!-- \/wp:post-content --><!-- wp:paragraph -->\n<td style=\"width: 332.85pt; padding: 0cm 5.4pt 0cm 5.4pt;\" valign=\"top\" width=\"444\">\n<p>Berufsbegleitend Master of Eng. Holzbau und Energieeffizienz, an der afp Rosenheim, Technische Hochschule Rosenheim<\/p>\n<\/td>\n<\/tr>\n<tr style=\"mso-yfti-irow: 5;\">\n<td style=\"width: 120.25pt; padding: 0cm 5.4pt 0cm 5.4pt;\" valign=\"top\" width=\"160\">\n<p>2017 &#8211; 2018<\/p>\n<\/td>\n<!-- \/wp:paragraph --><!-- wp:paragraph -->\n<td style=\"width: 332.85pt; padding: 0cm 5.4pt 0cm 5.4pt;\" valign=\"top\" width=\"444\">\n<p>Architekturb\u00fcro Pollok &amp; Gonzalo, M\u00fcnchen<\/p>\n<\/td>\n<\/tr>\n<tr style=\"mso-yfti-irow: 6;\">\n<td style=\"width: 120.25pt; padding: 0cm 5.4pt 0cm 5.4pt;\" valign=\"top\" width=\"160\">\n<p>2018 &#8211; 2020<\/p>\n<\/td>\n<td style=\"width: 332.85pt; padding: 0cm 5.4pt 0cm 5.4pt;\" valign=\"top\" width=\"444\">\n<p>Praxis &amp; Concept&nbsp;Gesellschaft f\u00fcr Praxiseinrichtung mbH<\/p>\n<\/td>\n<\/tr>\n<!-- \/wp:paragraph --><!-- wp:paragraph -->\n<tr style=\"mso-yfti-irow: 7;\">\n<td style=\"width: 120.25pt; padding: 0cm 5.4pt 0cm 5.4pt;\" valign=\"top\" width=\"160\">2020<\/td>\n<!-- \/wp:paragraph --><!-- wp:paragraph -->\n<td style=\"width: 332.85pt; padding: 0cm 5.4pt 0cm 5.4pt;\" valign=\"top\" width=\"444\">Eintragung als Ordentliches Mitglied in die Architektenkammer Bayern&nbsp;<\/td>\n<\/tr>\n<tr style=\"mso-yfti-irow: 8;\">\n<td style=\"width: 120.25pt; padding: 0cm 5.4pt 0cm 5.4pt;\" valign=\"top\" width=\"160\">\n<p>ab 2020<\/p>\n<\/td>\n<!-- \/wp:paragraph --><!-- wp:paragraph -->\n<td style=\"width: 332.85pt; padding: 0cm 5.4pt 0cm 5.4pt;\" valign=\"top\" width=\"444\">\n<p>Selbstst\u00e4ndigkeit, Gesch\u00e4ftsf\u00fchrer K\u00f6rner Architekturb\u00fcro, Architekt &amp; Innenarchitekt PartGmbB, Prof. Dr.-Ing. Michael K\u00f6rner und Monika K\u00f6rner<\/p>\n<\/td>\n<\/tr>\n<!-- \/wp:paragraph --><!-- wp:paragraph -->\n<tr style=\"mso-yfti-irow: 9;\">\n<td style=\"width: 120.25pt; padding: 0cm 5.4pt 0cm 5.4pt;\" valign=\"top\" width=\"160\">\n<p>2020 &#8211; 2023<\/p>\n<\/td>\n<td style=\"width: 332.85pt; padding: 0cm 5.4pt 0cm 5.4pt;\" valign=\"top\" width=\"444\">\n<p>Projektingenieur TH Rosenheim<\/p>\n<\/td>\n<\/tr>\n<tr style=\"mso-yfti-irow: 10; mso-yfti-lastrow: yes;\">\n<td style=\"width: 120.25pt; padding: 0cm 5.4pt 0cm 5.4pt;\" valign=\"top\" width=\"160\">\n<p>&nbsp;<\/p>\n<p>Mitgliedschaften:<\/p>\n<p>Architektenkammer Bayern<\/p>\n<\/td>\n<td style=\"width: 332.85pt; padding: 0cm 5.4pt 0cm 5.4pt;\" valign=\"top\" width=\"444\">&nbsp;<\/td>\n<\/tr>\n<\/tbody>\n<\/table>\n\n<!-- wp:paragraph -->\n<p><\/p>\n<!-- \/wp:paragraph -->","protected":false},"excerpt":{"rendered":"<p>Prof. Dr.-Ing. Michael K\u00f6rner ist von Beruf Architekt und lehrt an der Technischen Hochschule Rosenheim, Fakult\u00e4t Innenarchitektur, Architektur und Design, Baukonstruktion und Entwerfen. CURRICULUM VITAE 1986 \u2013 1993 Studium an der Technischen Universit\u00e4t Darmstadt 01\/1993 Dipl.-Ing. Architekt 1994 &#8211;&nbsp;1995 &nbsp;&nbsp; Projektleitender Architekt und B\u00fcroleiter im Architekturb\u00fcro K\u00f6rner in Trebur, Hessen und Apolda, Th\u00fcringen Mitglied der &hellip; <\/p>\n<p class=\"link-more\"><a href=\"https:\/\/koerner-architekten.de\/?page_id=219\" class=\"more-link\"><span class=\"screen-reader-text\">\u201ePerson\u201c <\/span>weiterlesen<\/a><\/p>\n","protected":false},"author":1,"featured_media":0,"parent":0,"menu_order":0,"comment_status":"closed","ping_status":"closed","template":"","meta":{"_crdt_document":"","ngg_post_thumbnail":0,"footnotes":""},"class_list":["post-219","page","type-page","status-publish","hentry"],"_links":{"self":[{"href":"https:\/\/koerner-architekten.de\/index.php?rest_route=\/wp\/v2\/pages\/219","targetHints":{"allow":["GET"]}}],"collection":[{"href":"https:\/\/koerner-architekten.de\/index.php?rest_route=\/wp\/v2\/pages"}],"about":[{"href":"https:\/\/koerner-architekten.de\/index.php?rest_route=\/wp\/v2\/types\/page"}],"author":[{"embeddable":true,"href":"https:\/\/koerner-architekten.de\/index.php?rest_route=\/wp\/v2\/users\/1"}],"replies":[{"embeddable":true,"href":"https:\/\/koerner-architekten.de\/index.php?rest_route=%2Fwp%2Fv2%2Fcomments&post=219"}],"version-history":[{"count":17,"href":"https:\/\/koerner-architekten.de\/index.php?rest_route=\/wp\/v2\/pages\/219\/revisions"}],"predecessor-version":[{"id":2100,"href":"https:\/\/koerner-architekten.de\/index.php?rest_route=\/wp\/v2\/pages\/219\/revisions\/2100"}],"wp:attachment":[{"href":"https:\/\/koerner-architekten.de\/index.php?rest_route=%2Fwp%2Fv2%2Fmedia&parent=219"}],"curies":[{"name":"wp","href":"https:\/\/api.w.org\/{rel}","templated":true}]}}