{"id":52,"date":"2018-06-25T14:39:04","date_gmt":"2018-06-25T14:39:04","guid":{"rendered":"http:\/\/koerner-architekten.de\/?page_id=52"},"modified":"2025-02-12T11:42:50","modified_gmt":"2025-02-12T11:42:50","slug":"aktuelles","status":"publish","type":"page","link":"https:\/\/koerner-architekten.de\/?page_id=52","title":{"rendered":"Links"},"content":{"rendered":"<p><a href=\"https:\/\/www.th-rosenheim.de\/die-hochschule\/fakultaeten\/fakultaet-fuer-innenarchitektur-architektur-und-design-iad\/lehrbeauftragte\/monika-koerner\" target=\"_blank\" rel=\"noopener\">Lehrbeauftragte TH RO Monika K\u00f6rner<\/a><\/p>\nngg_shortcode_0_placeholder\n<p><a href=\"https:\/\/www.th-rosenheim.de\/die-hochschule\/fakultaeten\/fakultaet-fuer-innenarchitektur-architektur-und-design-iad\/professorinnen-und-lehrkraefte-fuer-besondere-aufgaben\/prof-dr-michael-koerner\">Technische Hochschule Rosenheim &#8211; Prof. Dr.-Ing. Michael K\u00f6rner<\/a><\/p>\n<p><a href=\"https:\/\/www.th-rosenheim.de\/die-hochschule\/fakultaeten\/fakultaet-fuer-innenarchitektur-architektur-und-design-iad\">IAD &#8211; Fakult\u00e4t f\u00fcr Innenarchitektur | Architektur | Design<\/a><\/p>\n<p><a href=\"http:\/\/kuenstlerspectrum-pasing.de\/michael-koerner\/\">K\u00fcnstlerspectrum M\u00fcnchen Pasing e. V.<\/a><\/p>\n<p><a href=\"https:\/\/planungsgruppe-muenchen.de\/?page_id=8\">Planungsgruppe M\u00fcnchen<\/a><\/p>\n<p><a href=\"https:\/\/wohnraum-fuer-alle.de\/portfolio\/prof-dr-michael-koerner\/\">Wohnraum f\u00fcr alle<\/a><\/p>\n<p><a href=\"http:\/\/www.kultur-prien.de\/index.php\/\">Kulturf\u00f6rderverein Prien e. V.<\/a><\/p>\n<p><a href=\"http:\/\/michael-koerner-art.com\/\">michael-koerner-art.com<\/a><\/p>\n\n\n<h2 class=\"wp-block-heading has-text-align-center\">\u201eDas Sportdorf f\u00fcr alle\u201c<br>Studenten erdenken Gel\u00e4nde des TSV 1860 M\u00fchldorf neu<\/h2>\n\n\n\nngg_shortcode_1_placeholder\n\n\n\n<p class=\"wp-block-paragraph\"><\/p>\n\n\n\n<h2 class=\"wp-block-heading\">Beitrag Zeitungsartikel zur Neuer\u00f6ffnung K\u00f6nig-Ludwig-Saal Prien am Chiemsee<\/h2>\n\n\n\nngg_shortcode_2_placeholder\n\n\n\n<h2 class=\"wp-block-heading\">Beitrag Zeitungsartikel zur Neuer\u00f6ffnung der Galerie im Alten Rathaus Prien am Chiemsee<\/h2>\n\n\n\nngg_shortcode_3_placeholder\n","protected":false},"excerpt":{"rendered":"<p>Lehrbeauftragte TH RO Monika K\u00f6rner Technische Hochschule Rosenheim &#8211; Prof. Dr.-Ing. Michael K\u00f6rner IAD &#8211; Fakult\u00e4t f\u00fcr Innenarchitektur | Architektur | Design K\u00fcnstlerspectrum M\u00fcnchen Pasing e. V. Planungsgruppe M\u00fcnchen Wohnraum f\u00fcr alle Kulturf\u00f6rderverein Prien e. V. michael-koerner-art.com \u201eDas Sportdorf f\u00fcr alle\u201cStudenten erdenken Gel\u00e4nde des TSV 1860 M\u00fchldorf neu Beitrag Zeitungsartikel zur Neuer\u00f6ffnung K\u00f6nig-Ludwig-Saal Prien am &hellip; <\/p>\n<p class=\"link-more\"><a href=\"https:\/\/koerner-architekten.de\/?page_id=52\" class=\"more-link\"><span class=\"screen-reader-text\">\u201eLinks\u201c <\/span>weiterlesen<\/a><\/p>\n","protected":false},"author":1,"featured_media":0,"parent":0,"menu_order":0,"comment_status":"closed","ping_status":"closed","template":"","meta":{"_crdt_document":"","ngg_post_thumbnail":0,"footnotes":""},"class_list":["post-52","page","type-page","status-publish","hentry"],"_links":{"self":[{"href":"https:\/\/koerner-architekten.de\/index.php?rest_route=\/wp\/v2\/pages\/52","targetHints":{"allow":["GET"]}}],"collection":[{"href":"https:\/\/koerner-architekten.de\/index.php?rest_route=\/wp\/v2\/pages"}],"about":[{"href":"https:\/\/koerner-architekten.de\/index.php?rest_route=\/wp\/v2\/types\/page"}],"author":[{"embeddable":true,"href":"https:\/\/koerner-architekten.de\/index.php?rest_route=\/wp\/v2\/users\/1"}],"replies":[{"embeddable":true,"href":"https:\/\/koerner-architekten.de\/index.php?rest_route=%2Fwp%2Fv2%2Fcomments&post=52"}],"version-history":[{"count":20,"href":"https:\/\/koerner-architekten.de\/index.php?rest_route=\/wp\/v2\/pages\/52\/revisions"}],"predecessor-version":[{"id":2073,"href":"https:\/\/koerner-architekten.de\/index.php?rest_route=\/wp\/v2\/pages\/52\/revisions\/2073"}],"wp:attachment":[{"href":"https:\/\/koerner-architekten.de\/index.php?rest_route=%2Fwp%2Fv2%2Fmedia&parent=52"}],"curies":[{"name":"wp","href":"https:\/\/api.w.org\/{rel}","templated":true}]}}