{"id":540,"date":"2019-02-13T09:05:39","date_gmt":"2019-02-13T09:05:39","guid":{"rendered":"http:\/\/koerner-architekten.de\/?page_id=540"},"modified":"2026-04-14T13:29:10","modified_gmt":"2026-04-14T13:29:10","slug":"wettbewerbe","status":"publish","type":"page","link":"https:\/\/koerner-architekten.de\/?page_id=540","title":{"rendered":"Wettbewerbe"},"content":{"rendered":"\n<h2 class=\"wp-block-heading\">B\u00fcro und \u00c4rztehaus Erfurt<\/h2>\n\n\n\nngg_shortcode_0_placeholder\n\n\n\n<h2 class=\"wp-block-heading\">Mehrfamilienhaus Prien am Chiemsee<\/h2>\n\n\n\nngg_shortcode_1_placeholder\n\n\n\n<h2 class=\"wp-block-heading\">Projektentwicklung Innerst\u00e4dtische Revitalisierung und Nachverdichtung Sedanstra\u00dfe Rosenheim<\/h2>\n\n\n\nngg_shortcode_2_placeholder\n\n\n<p><!--StartFragment--><\/p>\n\n\n<h2 class=\"wp-block-heading\">Eingeladener Wettbewerb &#8211; Neues Entree Kursaal<br>&#8222;K\u00f6nig Ludwigsaal&#8220; in Prien am Chiemsee, Bayern &#8211; 1. Preis<\/h2>\n\n\n\nngg_shortcode_3_placeholder\n\n\n<p><!--EndFragment--><\/p>\n\n\n<p class=\"wp-block-paragraph\"><\/p>\n\n\n\n<h2 class=\"wp-block-heading\">Schulhaus Erweiterung Naters, Schweiz<\/h2>\n\n\n\nngg_shortcode_4_placeholder\n\n\n\n<h2 class=\"wp-block-heading\">Erweiterung Berufsschule Waldegg, \u00d6sterreich &#8211; 5. Preis<\/h2>\n\n\n\nngg_shortcode_5_placeholder\n\n\n\n<h2 class=\"wp-block-heading\">Erweiterung Neubau Landesjugendheim Hollabrunn, \u00d6sterreich &#8211; 4. Preis<\/h2>\n\n\n\nngg_shortcode_6_placeholder\n\n\n\n<h2 class=\"wp-block-heading\">Neubau Altenheim Artzl, \u00d6sterreich<\/h2>\n\n\n\nngg_shortcode_7_placeholder\n\n\n\n<h2 class=\"wp-block-heading\">Erweiterung Volksschule Neuhart Graz, \u00d6sterreich<\/h2>\n\n\n\nngg_shortcode_8_placeholder\n\n\n\n<h2 class=\"wp-block-heading\">Neubau Schule Arbon Schweiz<\/h2>\n\n\n\nngg_shortcode_9_placeholder\n\n\n\n<h2 class=\"wp-block-heading\">Wettbewerb Erweiterung Gemeindehaus Velden, \u00d6sterreich<\/h2>\n\n\n\nngg_shortcode_10_placeholder\n\n\n\n<h2 class=\"wp-block-heading\">Studie f\u00fcr eine Jenaplan-Schule in Bayreuth<\/h2>\n\n\n\nngg_shortcode_11_placeholder\n\n\n<p><!--StartFragment--><\/p>\n\n\n<h2 class=\"wp-block-heading\">Studenten- und Fl\u00fcchtlingsunterkunft f\u00fcr M\u00fcnchen, Konzeptstudie, Bayern<\/h2>\n\n\n\nngg_shortcode_12_placeholder\n\n\n<p><!--EndFragment--><\/p>\n<p><!--StartFragment--><\/p>\n\n\n<h2 class=\"wp-block-heading\">Studentenwohnheim Frankfurt &#8211; Bockenheim &#8211; Konzeptstudie, Hessen<\/h2>\n\n\n\nngg_shortcode_13_placeholder\n\n\n<p><!--EndFragment--><\/p>","protected":false},"excerpt":{"rendered":"<p>B\u00fcro und \u00c4rztehaus Erfurt Mehrfamilienhaus Prien am Chiemsee Projektentwicklung Innerst\u00e4dtische Revitalisierung und Nachverdichtung Sedanstra\u00dfe Rosenheim Eingeladener Wettbewerb &#8211; Neues Entree Kursaal&#8222;K\u00f6nig Ludwigsaal&#8220; in Prien am Chiemsee, Bayern &#8211; 1. Preis Schulhaus Erweiterung Naters, Schweiz Erweiterung Berufsschule Waldegg, \u00d6sterreich &#8211; 5. Preis Erweiterung Neubau Landesjugendheim Hollabrunn, \u00d6sterreich &#8211; 4. Preis Neubau Altenheim Artzl, \u00d6sterreich Erweiterung Volksschule &hellip; <\/p>\n<p class=\"link-more\"><a href=\"https:\/\/koerner-architekten.de\/?page_id=540\" class=\"more-link\"><span class=\"screen-reader-text\">\u201eWettbewerbe\u201c <\/span>weiterlesen<\/a><\/p>\n","protected":false},"author":1,"featured_media":591,"parent":0,"menu_order":0,"comment_status":"closed","ping_status":"closed","template":"","meta":{"_crdt_document":"{\"document\":\"AADDBMiTpogfhwOR\/pPJHrGr29obu+C7mhvIk6aIHwD74LuaGwjIk6aIHwS74LuaG4iTpogfu+C7mhvIk6aIHw2Irp7dCPvgu5obA63dpq8IrbaBvAHIk6aIHwDttoG8ARXIk6aIHwKttoG8AYiTpogfrbaBvAGIk6aIH622gbwBiJOmiB+ttoG8AYiTpogfrbaBvAGIk6aIH622gbwBiJOmiB+ttoG8AciTpogfAa22gbwBiJOmiB+ttoG8AYiTpogfrbaBvAGIk6aIH622gbwByJOmiB8BrbaBvAGIk6aIH622gbwBiJOmiB+ttoG8AYiTpogfrbaBvAGIk6aIH622gbwBiJOmiB+ttoG8AYiTpogfrbaBvAGIk6aIH622gbwBiJOmiB+ttoG8AYiTpogfrbaBvAGIk6aIH622gbwBiJOmiB+ttoG8AYiTpogfrbaBvAGIk6aIH622gbwBiJOmiB+ttoG8AYiTpogfrbaBvAGIk6aIH622gbwBiJOmiB+ttoG8AciTpogfAa22gbwBiJOmiB\/ttoG8AQTIk6aIHwTIrp7dCADIk6aIHxTttoG8ASHIk6aIHxrttoG8AQvIk6aIHwDttoG8ARX74LuaGwCIrp7dCO22gbwBA7vgu5obrbaBvAHIk6aIHwuttoG8Abvgu5ob7baBvAESiJOmiB+ttoG8AYiTpogf7baBvAEAyJOmiB8ArbaBvAGIk6aIH+22gbwBFIiTpogfrbaBvAGIk6aIH622gbwBiJOmiB+ttoG8Ad8ECBiiAYgBEAwCNAgCNgIOAgUAAgQCBAIEAgwDAQgDAQYCDgIKAwIGAoABAwIIAwCKZQAGAgECCgBKABKKAwECCkoAEAECCkoAEAECCgJCSgCqAwECCkoAEAECCkoAEAECCgBKABIBAgoCQkoAnAEBAgpKABABAgoCQkoAgAIBAgpKABABAgoCQkoAnAIBAgpKABABAgoCQkoAlgEBAgpKABABAgoCQkoAsgEBAgpKABABAgoCQkoAiAEBAgpKABABAgoCQkoAvgEBAgpKABABAgoCQkoAqAEBAgpKABABAgpKABABAgoCQkoAoAIBAgpKABABAgpKABABAgoCQkoAkgIBAgpKABABAgpK9h0KhB4CFgIKAwLgG6gbAQEISOYbCp4bQgoE8BsCsBsUggERAAcAEhYRAPge5m+IAZyOAQIGBAMCBAMFyiTAbgEBCABIAgUAmpEBAgrqkAEEqpABBAYIAwDCBgL2iwEyOgKab9xxAQEIAEgKDggCBgMAEgIEDgQDAAQCugYC7AYYDAI0BgKMBcYFAgQCgAX8BAIGBAMABAMHBgKQBOIImgUBAgiIAwMA6AgCmo0BiAERAAcAEhYRAAMA4JABQhgIAgYDABICBA4EAwAEAwDWAYwDDDaCAREABwASFhEAAgbEBTYIBgIGAr4E8AQDAAYEAwAEAwAGwAQCUqYOCBAKBMQPiAiWhQEC3AEGGAoE6h7sX+IOrg4QCgQg+AbuCASSBUIHALoL\/guSCpJejB7KfKx8BM58Av4BmAL+AQSGArID4AYCiAEDAJQG1A2aDugTtAOCAZYBrnHqb4gBAQ6Ia5QjAgoBAAUABggDAMSRAbyLAeiEAQIBBQIBAgIBEAKghAHYhAEDALqEAYIBEQAHABIWEQDQkAEKCAIGAwASAgQOBAMABAK4AQw2ggERAAcAEhYRAAIGxAU2CAYCBr4E\/AQOAwAGBAMABAMABryHAQYYCgTSfggQCgQoBrB84nwCJAT0AYgCAuQFIuQKtQUoAycABAAnAAQAhAKBAIQAgQCEAIEAhACBAIQBgQCEAIEAhACBAIQAgQCEAIEAhACBAIQAgQCEAIEAhACBAIQAgQCEAIEAhACBAIQCgQCEAYEAhAUnACgEJwAoAScABwAhACgCJwEoACcAgQAAAIcAIQAoACEBJwAhACcAhwAoAycAKAAnAIcAKAMnAQQAKAAnAIcAKAMnACgAJwCHACgDJwAoACcAhwAoAycBKAAnAIcAKAMnAQQAKAAnAIcAKAMnACgAJwCHACgDJwEEACgAJwCHACgDJwAoACcAhwAoAycBBAAoACcAhwAoAycAKAAnAIcAKAMnAQQAKAAnAIcAKAMnACgAJwCHACgDJwEEACgAJwCHACgDJwAoACcAhwAoAycBBAAoACcAhwAoAycAKAAnAIcAKAMnAQQAKAAnAIcAKAMnACgAJwCHACgDJwEEACgAJwCHACgDJwAoACcAhwAoAycAKAAnAIcAKAMnAQQAKAAnAIcAKAMnACgAJwCHACgDJwAoACcAhwAoAycBBAAoACcAhwAoAycAKAAnAIcAKAMnACgAJwAhAagABACEAYEAhAOBAIQAxwAhACgBJwAhACcAoQGoACgAqAAAAKgCpwAEAIQIKADEAsEAxADBAMQAwQDEAMEAxADBAMQAwQDEAyECxwAhACgAIQAnACEBJwCoAaEAxALBAMQGoQEhAKgAxAChASEBxwAoAicBKAAnAAQAhA7EAcEAxADBAMQAwQDEAMEAxAHBAMQBwQDEAMEAxALBAMQAwQDEAsEAxAPBAMQBxwAoAicBKADBAqgCRADECIQAqAEoAEQAxA6EAKgAwQHECsEAxBKoAacABACEAygAqANEAMQDqAEoAEQAxAOoBCgAqACnAAQAKACoAUQAxAOoAUQAxAOoBacABACoAcScPrs6c3RhdGV2ZXJzaW9uZG9jdW1lbnRkYXRlZG9jdW1lbnRzbHVnZG9jdW1lbnRzdGF0dXNkb2N1bWVudHRpdGxlV2V0dGJld2VyYmVkb2N1bWVudGNvbnRlbnQ8IS0tIHdwOmhlYWRpbmcgLS0+CjxoMiBjbGFzcz0id3AtYmxvY2staGVhZGluZyI+PC9oMj4KPCEtLSAvd3A6aGVhZGluZyAtLT4KCjwhLS0gd3A6aGVhZGluZyAtLT4KPGggY2xhc3M9IndwLWJsb2NrLWhlYWRpbmciPmVoYWxpZW51IHJpbiBhIGhpbTwvaD4KPCEtLSAvd3A6aGVhZGluZyAtLT4KCjwhLS0gd3A6aWFnZWx5L25leHRnZW4tZ2FsbGVyeSAtLT4KW25nZyBzcmM9ImdhbGxlcmllcyIgaWRzPSI0NCIgZGlzcGxheT0iYmFzaWNfc2xpZGVzaG93Il0KPCEtLSAvd3A6aW1hZ2VseS9uZXh0Z2VuLWdhbGxlcnkgLS0+Cgo8cD48IS0tU3RhcnRGcmFnbWVudC0tPjwvcD4KCjwhLS0gd3A6aGVhZGluZyAtLT4KPGgyIGNsYXNzPSJ3cC1ibG9jay1oZWFkaW5nIj5FaW5nZWxhZGVuZXIgV2V0dGJld2VyYiAtIE5ldWVzIEVudHJlZSBLdXJzYWFsPGJyPiJLw7ZuaWcgTHVkd2lnc2FhbCIgaW4gUHJpZW4gYW0gQ2hpZW1zZWUsIEJheWVybiAtIDEuIFByZWlzPC9oMj4KPCEtLSAvd3A6aGVhZGluZyAtLT4KCjwhLS0gd3A6aW1hZ2VseS9uZXh0Z2VuLWdhbGxlcnkgLS0+CltuZ2cgc3JjPSJnYWxsZXJpZXMiIGlkcz0iMjYiIGRpc3BsYXk9ImJhc2ljX3NsaWRlc2hvdyJdCjwhLS0gL3dwOmltYWdlbHkvbmV4dGdlbi1nYWxsZXJ5IC0tPgoKPHA+PCEtLUVuZEZyYWdtZW50LS0+PC9wPgoKPCEtLSB3cDpwYXJhZ3JhcGggLS0+CjxwPjwvcD4KPCEtLSAvd3A6cGFyYWdyYXBoIC0tPgoKPCEtLSB3cDpoZWFkaW5nIC0tPgo8aDIgY2xhc3M9IndwLWJsb2NrLWhlYWRpbmciPlNjaHVsaGF1cyBFcndlaXRlcnVuZyBOYXRlcnMsIFNjaHdlaXo8L2gyPgo8IS0tIC93cDpoZWFkaW5nIC0tPgoKPCEtLSB3cDppbWFnZWx5L25leHRnZW4tZ2FsbGVyeSAtLT4KW25nZyBzcmM9ImdhbGxlcmllcyIgaWRzPSIyNyIgZGlzcGxheT0iYmFzaWNfc2xpZGVzaG93Il0KPCEtLSAvd3A6aW1hZ2VseS9uZXh0Z2VuLWdhbGxlcnkgLS0+Cgo8IS0tIHdwOmhlYWRpbmcgLS0+CjxoMiBjbGFzcz0id3AtYmxvY2staGVhZGluZyI+RXJ3ZWl0ZXJ1bmcgQmVydWZzc2NodWxlIFdhbGRlZ2csIMOWc3RlcnJlaWNoIC0gNS4gUHJlaXM8L2gyPgo8IS0tIC93cDpoZWFkaW5nIC0tPgoKPCEtLSB3cDppbWFnZWx5L25leHRnZW4tZ2FsbGVyeSAtLT4KW25nZyBzcmM9ImdhbGxlcmllcyIgaWRzPSIyOCIgZGlzcGxheT0iYmFzaWNfc2xpZGVzaG93Il0KPCEtLSAvd3A6aW1hZ2VseS9uZXh0Z2VuLWdhbGxlcnkgLS0+Cgo8IS0tIHdwOmhlYWRpbmcgLS0+CjxoMiBjbGFzcz0id3AtYmxvY2staGVhZGluZyI+RXJ3ZWl0ZXJ1bmcgTmV1YmF1IExhbmRlc2p1Z2VuZGhlaW0gSG9sbGFicnVubiwgw5ZzdGVycmVpY2ggLSA0LiBQcmVpczwvaDI+CjwhLS0gL3dwOmhlYWRpbmcgLS0+Cgo8IS0tIHdwOmltYWdlbHkvbmV4dGdlbi1nYWxsZXJ5IC0tPgpbbmdnIHNyYz0iZ2FsbGVyaWVzIiBpZHM9IjI5IiBkaXNwbGF5PSJiYXNpY19zbGlkZXNob3ciXQo8IS0tIC93cDppbWFnZWx5L25leHRnZW4tZ2FsbGVyeSAtLT4KCjwhLS0gd3A6aGVhZGluZyAtLT4KPGgyIGNsYXNzPSJ3cC1ibG9jay1oZWFkaW5nIj5OZXViYXUgQWx0ZW5oZWltIEFydHpsLCDDlnN0ZXJyZWljaDwvaDI+CjwhLS0gL3dwOmhlYWRpbmcgLS0+Cgo8IS0tIHdwOmltYWdlbHkvbmV4dGdlbi1nYWxsZXJ5IC0tPgpbbmdnIHNyYz0iZ2FsbGVyaWVzIiBpZHM9IjMwIiBkaXNwbGF5PSJiYXNpY19zbGlkZXNob3ciXQo8IS0tIC93cDppbWFnZWx5L25leHRnZW4tZ2FsbGVyeSAtLT4KCjwhLS0gd3A6aGVhZGluZyAtLT4KPGgyIGNsYXNzPSJ3cC1ibG9jay1oZWFkaW5nIj5FcndlaXRlcnVuZyBWb2xrc3NjaHVsZSBOZXVoYXJ0IEdyYXosIMOWc3RlcnJlaWNoPC9oMj4KPCEtLSAvd3A6aGVhZGluZyAtLT4KCjwhLS0gd3A6aW1hZ2VseS9uZXh0Z2VuLWdhbGxlcnkgLS0+CltuZ2cgc3JjPSJnYWxsZXJpZXMiIGlkcz0iMzEiIGRpc3BsYXk9ImJhc2ljX3NsaWRlc2hvdyJdCjwhLS0gL3dwOmltYWdlbHkvbmV4dGdlbi1nYWxsZXJ5IC0tPgoKPCEtLSB3cDpoZWFkaW5nIC0tPgo8aDIgY2xhc3M9IndwLWJsb2NrLWhlYWRpbmciPk5ldWJhdSBTY2h1bGUgQXJib24gU2Nod2VpejwvaDI+CjwhLS0gL3dwOmhlYWRpbmcgLS0+Cgo8IS0tIHdwOmltYWdlbHkvbmV4dGdlbi1nYWxsZXJ5IC0tPgpbbmdnIHNyYz0iZ2FsbGVyaWVzIiBpZHM9IjMyIiBkaXNwbGF5PSJiYXNpY19zbGlkZXNob3ciXQo8IS0tIC93cDppbWFnZWx5L25leHRnZW4tZ2FsbGVyeSAtLT4KCjwhLS0gd3A6aGVhZGluZyAtLT4KPGgyIGNsYXNzPSJ3cC1ibG9jay1oZWFkaW5nIj5XZXR0YmV3ZXJiIEVyd2VpdGVydW5nIEdlbWVpbmRlaGF1cyBWZWxkZW4sIMOWc3RlcnJlaWNoPC9oMj4KPCEtLSAvd3A6aGVhZGluZyAtLT4KCjwhLS0gd3A6aW1hZ2VseS9uZXh0Z2VuLWdhbGxlcnkgLS0+CltuZ2cgc3JjPSJnYWxsZXJpZXMiIGlkcz0iMzMiIGRpc3BsYXk9ImJhc2ljX3NsaWRlc2hvdyJdCjwhLS0gL3dwOmltYWdlbHkvbmV4dGdlbi1nYWxsZXJ5IC0tPgoKPCEtLSB3cDpoZWFkaW5nIC0tPgo8aDIgY2xhc3M9IndwLWJsb2NrLWhlYWRpbmciPlN0dWRpZSBmw7xyIGVpbmUgSmVuYXBsYW4tU2NodWxlIGluIEJheXJldXRoPC9oMj4KPCEtLSAvd3A6aGVhZGluZyAtLT4KCjwhLS0gd3A6aW1hZ2VseS9uZXh0Z2VuLWdhbGxlcnkgLS0+CltuZ2cgc3JjPSJnYWxsZXJpZXMiIGlkcz0iMjQiIGRpc3BsYXk9ImJhc2ljX3NsaWRlc2hvdyJdCjwhLS0gL3dwOmltYWdlbHkvbmV4dGdlbi1nYWxsZXJ5IC0tPgoKPHA+PCEtLVN0YXJ0RnJhZ21lbnQtLT48L3A+Cgo8IS0tIHdwOmhlYWRpbmcgLS0+CjxoMiBjbGFzcz0id3AtYmxvY2staGVhZGluZyI+U3R1ZGVudGVuLSB1bmQgRmzDvGNodGxpbmdzdW50ZXJrdW5mdCBmw7xyIE3DvG5jaGVuLCBLb256ZXB0c3R1ZGllLCBCYXllcm48L2gyPgo8IS0tIC93cDpoZWFkaW5nIC0tPgoKPCEtLSB3cDppbWFnZWx5L25leHRnZW4tZ2FsbGVyeSAtLT4KW25nZyBzcmM9ImdhbGxlcmllcyIgaWRzPSIxNiIgZGlzcGxheT0iYmFzaWNfc2xpZGVzaG93Il0KPCEtLSAvd3A6aW1hZ2VseS9uZXh0Z2VuLWdhbGxlcnkgLS0+Cgo8cD48IS0tRW5kRnJhZ21lbnQtLT48L3A+CjxwPjwhLS1TdGFydEZyYWdtZW50LS0+PC9wPgoKPCEtLSB3cDpoZWFkaW5nIC0tPgo8aDIgY2xhc3M9IndwLWJsb2NrLWhlYWRpbmciPlN0dWRlbnRlbndvaG5oZWltIEZyYW5rZnVydCAtIEJvY2tlbmhlaW0gLSBLb256ZXB0c3R1ZGllLCBIZXNzZW48L2gyPgo8IS0tIC93cDpoZWFkaW5nIC0tPgoKPCEtLSB3cDppbWFnZWx5L25leHRnZW4tZ2FsbGVyeSAtLT4KW25nZyBzcmM9ImdhbGxlcmllcyIgaWRzPSIxNyIgZGlzcGxheT0iYmFzaWNfc2xpZGVzaG93Il0KPCEtLSAvd3A6aW1hZ2VseS9uZXh0Z2VuLWdhbGxlcnkgLS0+Cgo8cD48IS0tRW5kRnJhZ21lbnQtLT48L3A+ZG9jdW1lbnRleGNlcnB0ZG9jdW1lbnRhdXRob3Jkb2N1bWVudGZlYXR1cmVkX21lZGlhZG9jdW1lbnRjb21tZW50X3N0YXR1c2RvY3VtZW50cGluZ19zdGF0dXNkb2N1bWVudHRlbXBsYXRlZG9jdW1lbnRtZXRhbmdnX3Bvc3RfdGh1bWJuYWlsZm9vdG5vdGVzZG9jdW1lbnRibG9ja3NjbGllbnRJZGlzVmFsaWRvcmlnaW5hbENvbnRlbnRuYW1lYXR0cmlidXRlc2NvbnRlbnRsZXZlbGlubmVyQmxvY2tzY2xpZW50SWRpc1ZhbGlkb3JpZ2luYWxDb250ZW50bmFtZWF0dHJpYnV0ZXNjb250ZW50aW5uZXJCbG9ja3NjbGllbnRJZGlzVmFsaWRvcmlnaW5hbENvbnRlbnRuYW1lYXR0cmlidXRlc2NvbnRlbnRpbm5lckJsb2Nrc2NsaWVudElkaXNWYWxpZG9yaWdpbmFsQ29udGVudG5hbWVhdHRyaWJ1dGVzY29udGVudEVpbmdlbGFkZW5lciBXZXR0YmV3ZXJiIC0gTmV1ZXMgRW50cmVlIEt1cnNhYWw8YnI+IkvDtm5pZyBMdWR3aWdzYWFsIiBpbiBQcmllbiBhbSBDaGllbXNlZSwgQmF5ZXJuIC0gMS4gUHJlaXNsZXZlbGlubmVyQmxvY2tzY2xpZW50SWRpc1ZhbGlkb3JpZ2luYWxDb250ZW50bmFtZWF0dHJpYnV0ZXNjb250ZW50aW5uZXJCbG9ja3NjbGllbnRJZGlzVmFsaWRvcmlnaW5hbENvbnRlbnRuYW1lYXR0cmlidXRlc2NvbnRlbnRpbm5lckJsb2Nrc2NsaWVudElkaXNWYWxpZG9yaWdpbmFsQ29udGVudG5hbWVhdHRyaWJ1dGVzY29udGVudGRyb3BDYXBpbm5lckJsb2Nrc2NsaWVudElkaXNWYWxpZG9yaWdpbmFsQ29udGVudG5hbWVhdHRyaWJ1dGVzY29udGVudFNjaHVsaGF1cyBFcndlaXRlcnVuZyBOYXRlcnMsIFNjaHdlaXpsZXZlbGlubmVyQmxvY2tzY2xpZW50SWRpc1ZhbGlkb3JpZ2luYWxDb250ZW50bmFtZWF0dHJpYnV0ZXNjb250ZW50aW5uZXJCbG9ja3NjbGllbnRJZGlzVmFsaWRvcmlnaW5hbENvbnRlbnRuYW1lYXR0cmlidXRlc2NvbnRlbnRFcndlaXRlcnVuZyBCZXJ1ZnNzY2h1bGUgV2FsZGVnZywgw5ZzdGVycmVpY2ggLSA1LiBQcmVpc2xldmVsaW5uZXJCbG9ja3NjbGllbnRJZGlzVmFsaWRvcmlnaW5hbENvbnRlbnRuYW1lYXR0cmlidXRlc2NvbnRlbnRpbm5lckJsb2Nrc2NsaWVudElkaXNWYWxpZG9yaWdpbmFsQ29udGVudG5hbWVhdHRyaWJ1dGVzY29udGVudEVyd2VpdGVydW5nIE5ldWJhdSBMYW5kZXNqdWdlbmRoZWltIEhvbGxhYnJ1bm4sIMOWc3RlcnJlaWNoIC0gNC4gUHJlaXNsZXZlbGlubmVyQmxvY2tzY2xpZW50SWRpc1ZhbGlkb3JpZ2luYWxDb250ZW50bmFtZWF0dHJpYnV0ZXNjb250ZW50aW5uZXJCbG9ja3NjbGllbnRJZGlzVmFsaWRvcmlnaW5hbENvbnRlbnRuYW1lYXR0cmlidXRlc2NvbnRlbnROZXViYXUgQWx0ZW5oZWltIEFydHpsLCDDlnN0ZXJyZWljaGxldmVsaW5uZXJCbG9ja3NjbGllbnRJZGlzVmFsaWRvcmlnaW5hbENvbnRlbnRuYW1lYXR0cmlidXRlc2NvbnRlbnRpbm5lckJsb2Nrc2NsaWVudElkaXNWYWxpZG9yaWdpbmFsQ29udGVudG5hbWVhdHRyaWJ1dGVzY29udGVudEVyd2VpdGVydW5nIFZvbGtzc2NodWxlIE5ldWhhcnQgR3Jheiwgw5ZzdGVycmVpY2hsZXZlbGlubmVyQmxvY2tzY2xpZW50SWRpc1ZhbGlkb3JpZ2luYWxDb250ZW50bmFtZWF0dHJpYnV0ZXNjb250ZW50aW5uZXJCbG9ja3NjbGllbnRJZGlzVmFsaWRvcmlnaW5hbENvbnRlbnRuYW1lYXR0cmlidXRlc2NvbnRlbnROZXViYXUgU2NodWxlIEFyYm9uIFNjaHdlaXpsZXZlbGlubmVyQmxvY2tzY2xpZW50SWRpc1ZhbGlkb3JpZ2luYWxDb250ZW50bmFtZWF0dHJpYnV0ZXNjb250ZW50aW5uZXJCbG9ja3NjbGllbnRJZGlzVmFsaWRvcmlnaW5hbENvbnRlbnRuYW1lYXR0cmlidXRlc2NvbnRlbnRXZXR0YmV3ZXJiIEVyd2VpdGVydW5nIEdlbWVpbmRlaGF1cyBWZWxkZW4sIMOWc3RlcnJlaWNobGV2ZWxpbm5lckJsb2Nrc2NsaWVudElkaXNWYWxpZG9yaWdpbmFsQ29udGVudG5hbWVhdHRyaWJ1dGVzY29udGVudGlubmVyQmxvY2tzY2xpZW50SWRpc1ZhbGlkb3JpZ2luYWxDb250ZW50bmFtZWF0dHJpYnV0ZXNjb250ZW50U3R1ZGllIGbDvHIgZWluZSBKZW5hcGxhbi1TY2h1bGUgaW4gQmF5cmV1dGhsZXZlbGlubmVyQmxvY2tzY2xpZW50SWRpc1ZhbGlkb3JpZ2luYWxDb250ZW50bmFtZWF0dHJpYnV0ZXNjb250ZW50aW5uZXJCbG9ja3NjbGllbnRJZGlzVmFsaWRvcmlnaW5hbENvbnRlbnRuYW1lYXR0cmlidXRlc2NvbnRlbnRpbm5lckJsb2Nrc2NsaWVudElkaXNWYWxpZG9yaWdpbmFsQ29udGVudG5hbWVhdHRyaWJ1dGVzY29udGVudFN0dWRlbnRlbi0gdW5kIEZsw7xjaHRsaW5nc3VudGVya3VuZnQgZsO8ciBNw7xuY2hlbiwgS29uemVwdHN0dWRpZSwgQmF5ZXJubGV2ZWxpbm5lckJsb2Nrc2NsaWVudElkaXNWYWxpZG9yaWdpbmFsQ29udGVudG5hbWVhdHRyaWJ1dGVzY29udGVudGlubmVyQmxvY2tzY2xpZW50SWRpc1ZhbGlkb3JpZ2luYWxDb250ZW50bmFtZWF0dHJpYnV0ZXNjb250ZW50aW5uZXJCbG9ja3NjbGllbnRJZGlzVmFsaWRvcmlnaW5hbENvbnRlbnRuYW1lYXR0cmlidXRlc2NvbnRlbnRTdHVkZW50ZW53b2huaGVpbSBGcmFua2Z1cnQgLSBCb2NrZW5oZWltIC0gS29uemVwdHN0dWRpZSwgSGVzc2VubGV2ZWxpbm5lckJsb2Nrc2NsaWVudElkaXNWYWxpZG9yaWdpbmFsQ29udGVudG5hbWVhdHRyaWJ1dGVzY29udGVudGlubmVyQmxvY2tzY2xpZW50SWRpc1ZhbGlkb3JpZ2luYWxDb250ZW50bmFtZWF0dHJpYnV0ZXNjb250ZW50aW5uZXJCbG9ja3NzdGF0ZXNhdmVkQXRzdGF0ZXNhdmVkQnlCw7xybyB1bmQgw4RyenRlaGF1cyBFcmZ1cnRjbGllbnRJZGlzVmFsaWRuYW1lYXR0cmlidXRlc2NvbnRlbnRpbm5lckJsb2Nrc29yaWdpbmFsQ29udGVudFByb2pla3RlbnR3aWNrbHVuZyBJbm5lcnN0w6RkdGlzY2hlIFJldml0YWxpc2llcnVuZyB1bmQgTmFjaHZlcmRpY2h0dW5nIFNlZGFuc3RyYcOfZSBSb3NlbmhlaW1sZXZlbELDvHJvIHVuZCDDhHJ6dGVoYXVzIEVyZnVydGltYWdlbHkvbmdlLWFleS8tLT4KCjwhLS0gd3A6c3RhdGV2ZXJzaW9uc3RhdGV2ZXJzaW9uc3RhdGV2ZXJzaW9uY2xpZW50SWRpc1ZhbGlkbmFtZWF0dHJpYnV0ZXNjb250ZW50ZHJvcENhcGlubmVyQmxvY2tzbWFpLWJsb2NrIC0tPgpbaW1hbHkgaWQ9IiJdCjwhLSAvd3A6aW1nbG1haW5ibG9jayAtc3RhdGV2ZXJzaW9uNTBzdGF0ZXZlcnNpb25zdGF0ZXZlcnNpb25jbGllbnRJZGlzVmFsaWRuYW1lYXR0cmlidXRlc2NvbnRlbnRsZXZlbGlubmVyQmxvY2tzTXdlaHJmYW1pbGllbmhhdXMgUHJpd25lbiBtYW0gJmx0O0NoaWVtc2VlaGVhZG5nIC0tPgo8aCBjbGFzcz0id3AtYmxvY2staGVhZGluZyI+cmlsbmhzaWVuICBoaWVzZWU8L2g+CjwhLS0gL3dwOmhlYWRpbiAtLT4KCjwhLS0gd3A6aW1hZ2NsaWVudElkaXNWYWxpZG5hbWVhdHRyaWJ1dGVzaW5uZXJCbG9ja3Njb250ZW50TXJmbWloYXNQZW1DZXNlZW9yaWdpbmFsQ29udGVudFBvamVrdGVudHdja3VnIElubmVyc3TDpGR0aXNjZSBSZXZpdGxpcnVndW5kTmFjdmVyZGNodHVuZyBTZGFudHJhw58gUm9zbmhlaW1NcmZtaWhhc1BlbUNlc2VlMlBvamVrdGVudHdja3VnIElubmVyc3TDpGR0aXNjZSBSZXZpdGxpcnVndW5kTmFjdmVyZGNodHVuZyBTZGFudHJhw58gUm9zbmhlaW0yTWVocmZhbWlsaWVuaGF1cyBQcmllbiBhbSBDaGllbXNlZWxldmVsTWVoZmFtaWxpblBpZW4gYW0gQ2hpZW1zZWVvcmlnaW5hbENvbnRlbnRCw7xvIHVkIMOEcnp0ZUVmdXJ0b3JpZ2luYWxDb250ZW50UHJvamVrdGVudHdpY2tsdW5nIElubmVyc3TDpGR0aXNjaGUgUmV2aXRhbGlzaWVydW5nIHVuZCBOYWNodmVyZGljaHR1bmcgU2VkYW5zdHJhw59lIFJvc2VuaGVpbWxldmVsQsO8byB1ZCDDhHJ6dGVFZnVydE1laGZhbWlsaW5QaWVuIGFtIENoaWVtc2VlTWVocmZhbWlsaWVuaGF1cyBQcmllbiBhbSBDaGllbXNlZTIyaW1hZ2VseS9tYWluLWJsb2NrIC0tPgpbaW1hZ2VseSBpZD0iNjQiXQo8IS0tIC93cDppbWFnZWx5L21haW4tYmxvY2sgLS0+Cgo8IS0tIHdwOgUHCAQIBAgGCAULCAcxJAgGGkEBAkELAyBBAQRBAJ4yCAcIBggOCA4IC0gBBBIJCAYIBw8ECgcFCwgHDwQKBwsIBw8ECgcLCAcPBAoHrAEFCwgHDwQKBwsIBw8ECgcLCAcPBApHAAsIBw8ECgclBQsIBw8ECgcLCAcPBAoHNwULCAcPBAoHCwgHDwQKB4UBBQsIBw8ECgcLCAcPBAoHIgULCAcPBAoHCwgHDwQKBzAFCwgHDwQKBwsIBw8ECgcbBQsIBw8ECgcLCAcPBAoHNgULCAcPBAoHCwgHDwQKBysFCwgHDwQKBwsIBw8ECgcLCAcPBAoHhwEFCwgHDwQKBwsIBw8ECgcLCAcPBAoHgAEFCwgHDwQKBwsIBw8ECgcLBQcFBwIBCwVBAQMIBwQKBwsPIUgAQwAJC0gAAQUZCAECQQULBQcFBwUHCAcECkcACwMPBwUIQQAEBgEFBwIFBwUHCAcECgcFCwUEAQNBAAkBAgcCQQACQQAEAwYaQQQCQQcDERIIBwQKCwcBQgFBBAMPAQkCAQ8HQgABQwAECANEAAUBQgFBBANBAAkCAQ8HQgABQwAECANEAAUBBAgFAg8FAwZBAE8AAgMHAQQPnAEFAgMHAQQDBkEADyJBAJIBHAEEAAABAAAAAQYAAQEAAOoBAQEACQECAAYBAgB7QgEBAEEAAgBBAABBAABBAAIAQQAAQQAAQQACAEEAAgBBAABBAAIAQQAAQQACAEEAAEEAAgBBAABBAAIAQQAAQQACAEEAAEEAAgBBAABBAAIAQQAAQQAAQQACAEEAAEEAAEEAAgBBAABBAABBAAACQQAAQQACAEEAAEIBM0EDBBsHQgIGAQQBAwcFQQ6kAUGdAQNBAgNBAAJBCwJBCgwBA0IAAQMCQQUDED9BBQxBHgeHAwB9AXcTMjAxOS0wMi0xM1QwOTowNTozOXcLd2V0dGJld2VyYmV3B3B1Ymxpc2h9AX2PCXcGY2xvc2VkdwZjbG9zZWR3AH0AdwB4dyI8aDIgY2xhc3M9IndwLWJsb2NrLWhlYWRpbmciPjwvaDI+dwxjb3JlL2hlYWRpbmd9Anh3JGY2YWFhN2M5LTdiNmMtNDA4NC1hMGU5LWU0NTNhMzFiZTgxNnh3GzxwPjwhLS1TdGFydEZyYWdtZW50LS0+PC9wPncNY29yZS9mcmVlZm9ybXcbPHA+PCEtLVN0YXJ0RnJhZ21lbnQtLT48L3A+dyRiOTVkNDZkNC0xZDBhLTQ3NjYtYWNmNy01MGVhNmJkMzBmNTR4d48BPGgyIGNsYXNzPSJ3cC1ibG9jay1oZWFkaW5nIj5FaW5nZWxhZGVuZXIgV2V0dGJld2VyYiAtIE5ldWVzIEVudHJlZSBLdXJzYWFsPGJyPiJLw7ZuaWcgTHVkd2lnc2FhbCIgaW4gUHJpZW4gYW0gQ2hpZW1zZWUsIEJheWVybiAtIDEuIFByZWlzPC9oMj53DGNvcmUvaGVhZGluZ30CdyQ3OTJkODFjMy02ZGE3LTQ1MGMtYTQ5OS03MzkxYzY1MjlmZWV4dzhbbmdnIHNyYz0iZ2FsbGVyaWVzIiBpZHM9IjI2IiBkaXNwbGF5PSJiYXNpY19zbGlkZXNob3ciXXcXaW1hZ2VseS9uZXh0Z2VuLWdhbGxlcnl3OFtuZ2cgc3JjPSJnYWxsZXJpZXMiIGlkcz0iMjYiIGRpc3BsYXk9ImJhc2ljX3NsaWRlc2hvdyJddyQ0MzI0ZjZmNy04N2RlLTQxMmQtYmJkMS01NTA4NTZmYWEwMWJ4dxk8cD48IS0tRW5kRnJhZ21lbnQtLT48L3A+dw1jb3JlL2ZyZWVmb3Jtdxk8cD48IS0tRW5kRnJhZ21lbnQtLT48L3A+dyRiNGZlZmQ0OS1mYjI5LTQyNzctODZmYS04N2NkNzYyZTViNjB4dwc8cD48L3A+dw5jb3JlL3BhcmFncmFwaHl3JDVjMmQ3OWJiLWE1OTgtNGM2Zi1hOTUyLWVlYTNiMDE1NTkxZHh3RzxoMiBjbGFzcz0id3AtYmxvY2staGVhZGluZyI+U2NodWxoYXVzIEVyd2VpdGVydW5nIE5hdGVycywgU2Nod2VpejwvaDI+dwxjb3JlL2hlYWRpbmd9AnckMzdlZWM0YmMtOTg2Yy00NDg1LWIzMDEtYzlkYjk3OTExYzBjeHc4W25nZyBzcmM9ImdhbGxlcmllcyIgaWRzPSIyNyIgZGlzcGxheT0iYmFzaWNfc2xpZGVzaG93Il13F2ltYWdlbHkvbmV4dGdlbi1nYWxsZXJ5dzhbbmdnIHNyYz0iZ2FsbGVyaWVzIiBpZHM9IjI3IiBkaXNwbGF5PSJiYXNpY19zbGlkZXNob3ciXXckMjM0YjY5ZmQtNjY2Yi00OWYxLWE3NjYtODAyNGUyOGYyMmExeHdaPGgyIGNsYXNzPSJ3cC1ibG9jay1oZWFkaW5nIj5FcndlaXRlcnVuZyBCZXJ1ZnNzY2h1bGUgV2FsZGVnZywgw5ZzdGVycmVpY2ggLSA1LiBQcmVpczwvaDI+dwxjb3JlL2hlYWRpbmd9AnckZDU2NjU4YjctNzQ5YS00MTQ5LWE0ZDEtNDg2OTNhZTFmY2E0eHc4W25nZyBzcmM9ImdhbGxlcmllcyIgaWRzPSIyOCIgZGlzcGxheT0iYmFzaWNfc2xpZGVzaG93Il13F2ltYWdlbHkvbmV4dGdlbi1nYWxsZXJ5dzhbbmdnIHNyYz0iZ2FsbGVyaWVzIiBpZHM9IjI4IiBkaXNwbGF5PSJiYXNpY19zbGlkZXNob3ciXXckNDA0ZDI5MDktNzdmNC00OWEwLThmYTctZDU5Y2VmNWJmNDVheHdoPGgyIGNsYXNzPSJ3cC1ibG9jay1oZWFkaW5nIj5FcndlaXRlcnVuZyBOZXViYXUgTGFuZGVzanVnZW5kaGVpbSBIb2xsYWJydW5uLCDDlnN0ZXJyZWljaCAtIDQuIFByZWlzPC9oMj53DGNvcmUvaGVhZGluZ30CdyQzYTRmOGY1MS02NjhjLTRmM2YtOWMxNy01ODRkNzU2Nzc5Y2R4dzhbbmdnIHNyYz0iZ2FsbGVyaWVzIiBpZHM9IjI5IiBkaXNwbGF5PSJiYXNpY19zbGlkZXNob3ciXXcXaW1hZ2VseS9uZXh0Z2VuLWdhbGxlcnl3OFtuZ2cgc3JjPSJnYWxsZXJpZXMiIGlkcz0iMjkiIGRpc3BsYXk9ImJhc2ljX3NsaWRlc2hvdyJddyQwODQ4NjI4Yy1jMjg4LTRlZjUtODM3NS0zYjM3OTlkMGMxYWZ4d0U8aDIgY2xhc3M9IndwLWJsb2NrLWhlYWRpbmciPk5ldWJhdSBBbHRlbmhlaW0gQXJ0emwsIMOWc3RlcnJlaWNoPC9oMj53DGNvcmUvaGVhZGluZ30CdyQ4ZDEyOGE4Ny04MzY0LTQ0N2QtOTgxOS0yMTdjMTZjNjU3YTd4dzhbbmdnIHNyYz0iZ2FsbGVyaWVzIiBpZHM9IjMwIiBkaXNwbGF5PSJiYXNpY19zbGlkZXNob3ciXXcXaW1hZ2VseS9uZXh0Z2VuLWdhbGxlcnl3OFtuZ2cgc3JjPSJnYWxsZXJpZXMiIGlkcz0iMzAiIGRpc3BsYXk9ImJhc2ljX3NsaWRlc2hvdyJddyQxZjAwZWM1Yy0wYWY0LTQ1MmItYjU0NS00NDYyNTcyNmI4NTZ4d1M8aDIgY2xhc3M9IndwLWJsb2NrLWhlYWRpbmciPkVyd2VpdGVydW5nIFZvbGtzc2NodWxlIE5ldWhhcnQgR3Jheiwgw5ZzdGVycmVpY2g8L2gyPncMY29yZS9oZWFkaW5nfQJ3JDJlYTc3NmRkLWY4NGYtNDBhOS05Yzk0LTg2YTlhOTgwN2VmMnh3OFtuZ2cgc3JjPSJnYWxsZXJpZXMiIGlkcz0iMzEiIGRpc3BsYXk9ImJhc2ljX3NsaWRlc2hvdyJddxdpbWFnZWx5L25leHRnZW4tZ2FsbGVyeXc4W25nZyBzcmM9ImdhbGxlcmllcyIgaWRzPSIzMSIgZGlzcGxheT0iYmFzaWNfc2xpZGVzaG93Il13JDBhMzJiODZiLWNiMGUtNGU5NS04Y2Q3LWE1ZTJhYjE0MDBmZnh3PTxoMiBjbGFzcz0id3AtYmxvY2staGVhZGluZyI+TmV1YmF1IFNjaHVsZSBBcmJvbiBTY2h3ZWl6PC9oMj53DGNvcmUvaGVhZGluZ30CdyQ4NTUwMDBhNi00ZThlLTQ2N2QtODZmZC0xOWUzZWVjZThjZTR4dzhbbmdnIHNyYz0iZ2FsbGVyaWVzIiBpZHM9IjMyIiBkaXNwbGF5PSJiYXNpY19zbGlkZXNob3ciXXcXaW1hZ2VseS9uZXh0Z2VuLWdhbGxlcnl3OFtuZ2cgc3JjPSJnYWxsZXJpZXMiIGlkcz0iMzIiIGRpc3BsYXk9ImJhc2ljX3NsaWRlc2hvdyJddyQ1ZTZlNDc5MC1jNjcxLTRmOGMtYmViYy0zZjYxYmFkMGYwYzd4d1k8aDIgY2xhc3M9IndwLWJsb2NrLWhlYWRpbmciPldldHRiZXdlcmIgRXJ3ZWl0ZXJ1bmcgR2VtZWluZGVoYXVzIFZlbGRlbiwgw5ZzdGVycmVpY2g8L2gyPncMY29yZS9oZWFkaW5nfQJ3JDVkNGM0YTA1LThjNmQtNDFjZC1iMGJhLTYyMGI1NjcwYjg1Nnh3OFtuZ2cgc3JjPSJnYWxsZXJpZXMiIGlkcz0iMzMiIGRpc3BsYXk9ImJhc2ljX3NsaWRlc2hvdyJddxdpbWFnZWx5L25leHRnZW4tZ2FsbGVyeXc4W25nZyBzcmM9ImdhbGxlcmllcyIgaWRzPSIzMyIgZGlzcGxheT0iYmFzaWNfc2xpZGVzaG93Il13JDI0YzBkYzMyLWJjNzUtNDMwMi1hN2I4LTE2NjY5MjhkZWZmMnh3TjxoMiBjbGFzcz0id3AtYmxvY2staGVhZGluZyI+U3R1ZGllIGbDvHIgZWluZSBKZW5hcGxhbi1TY2h1bGUgaW4gQmF5cmV1dGg8L2gyPncMY29yZS9oZWFkaW5nfQJ3JDdlOWQyOTUwLTI0MWUtNDBiZi1hYzdjLThhNzJmYzY0NTk2Ynh3OFtuZ2cgc3JjPSJnYWxsZXJpZXMiIGlkcz0iMjQiIGRpc3BsYXk9ImJhc2ljX3NsaWRlc2hvdyJddxdpbWFnZWx5L25leHRnZW4tZ2FsbGVyeXc4W25nZyBzcmM9ImdhbGxlcmllcyIgaWRzPSIyNCIgZGlzcGxheT0iYmFzaWNfc2xpZGVzaG93Il13JGEyODAzMTU1LTU4YjAtNDVkMi05MTNlLWUzZTU0MTA0MTNkOXh3GzxwPjwhLS1TdGFydEZyYWdtZW50LS0+PC9wPncNY29yZS9mcmVlZm9ybXcbPHA+PCEtLVN0YXJ0RnJhZ21lbnQtLT48L3A+dyQzYTVjYjkxZi05ODVhLTQ3ZTMtYTA1ZC02NTJjYTQyZTg4N2V4d2w8aDIgY2xhc3M9IndwLWJsb2NrLWhlYWRpbmciPlN0dWRlbnRlbi0gdW5kIEZsw7xjaHRsaW5nc3VudGVya3VuZnQgZsO8ciBNw7xuY2hlbiwgS29uemVwdHN0dWRpZSwgQmF5ZXJuPC9oMj53DGNvcmUvaGVhZGluZ30CdyRhYmJiZjg2My01MzUzLTRkM2YtYjAwZi0xYWQwZTNiMDgzYTZ4dzhbbmdnIHNyYz0iZ2FsbGVyaWVzIiBpZHM9IjE2IiBkaXNwbGF5PSJiYXNpY19zbGlkZXNob3ciXXcXaW1hZ2VseS9uZXh0Z2VuLWdhbGxlcnl3OFtuZ2cgc3JjPSJnYWxsZXJpZXMiIGlkcz0iMTYiIGRpc3BsYXk9ImJhc2ljX3NsaWRlc2hvdyJddyQ4NzIwNTQxMi01ZTMyLTQ4N2YtODYwMi0xYWI4NzQ1NTZkYzd4dzU8cD48IS0tRW5kRnJhZ21lbnQtLT48L3A+CjxwPjwhLS1TdGFydEZyYWdtZW50LS0+PC9wPncNY29yZS9mcmVlZm9ybXc1PHA+PCEtLUVuZEZyYWdtZW50LS0+PC9wPgo8cD48IS0tU3RhcnRGcmFnbWVudC0tPjwvcD53JDRiZmY4NjkwLWEzMDktNDBlNy1iMTk4LWZhOTdiOGY1YmU4Znh3YjxoMiBjbGFzcz0id3AtYmxvY2staGVhZGluZyI+U3R1ZGVudGVud29obmhlaW0gRnJhbmtmdXJ0IC0gQm9ja2VuaGVpbSAtIEtvbnplcHRzdHVkaWUsIEhlc3NlbjwvaDI+dwxjb3JlL2hlYWRpbmd9AnckODc5NDBlNTktMzVlNC00MjcwLWJiOTAtZTFmMTEzYWU1NzAzeHc4W25nZyBzcmM9ImdhbGxlcmllcyIgaWRzPSIxNyIgZGlzcGxheT0iYmFzaWNfc2xpZGVzaG93Il13F2ltYWdlbHkvbmV4dGdlbi1nYWxsZXJ5dzhbbmdnIHNyYz0iZ2FsbGVyaWVzIiBpZHM9IjE3IiBkaXNwbGF5PSJiYXNpY19zbGlkZXNob3ciXXckZWI4YmNkZjYtZjZhOC00MjEyLTk3NDMtNTFhYWM4ODJhMjM5eHcZPHA+PCEtLUVuZEZyYWdtZW50LS0+PC9wPncNY29yZS9mcmVlZm9ybXcZPHA+PCEtLUVuZEZyYWdtZW50LS0+PC9wPnckZDY2MjY5MmMtZGE3YS00MTRkLWI3MmUtY2JlM2E4YTM1ODdjeHcXaW1hZ2VseS9uZXh0Z2VuLWdhbGxlcnl3JGE0MjFlYzA4LTdmNGYtNGNlYi05NWFhLTNjYTdiZTk4NzQ5Mnc4W25nZyBzcmM9ImdhbGxlcmllcyIgaWRzPSI0NCIgZGlzcGxheT0iYmFzaWNfc2xpZGVzaG93Il13OFtuZ2cgc3JjPSJnYWxsZXJpZXMiIGlkcz0iNDQiIGRpc3BsYXk9ImJhc2ljX3NsaWRlc2hvdyJddyQzYjllMWM4OC02OTI0LTQ2YTItOWYyNy02NmUzYTVmYjZiOTh3gAE8aDIgY2xhc3M9IndwLWJsb2NrLWhlYWRpbmciPlByb2pla3RlbnR3aWNrbHVuZyBJbm5lcnN0w6RkdGlzY2hlIFJldml0YWxpc2llcnVuZyB1bmQgTmFjaHZlcmRpY2h0dW5nIFNlZGFuc3RyYcOfZSBSb3NlbmhlaW08L2gyPncMY29yZS9oZWFkaW5nfQIBAAEAGQB4dyQ4M2VkMjljZS03NTM3LTRhYTgtOWNmNy1mYjU3YjhkNDZkOTN3EmltYWdlbHkvbWFpbi1ibG9jawUAdxFbaW1hZ2VseSBpZD0iNTAiXQEAyAEAdyQ5NWViYTMzOS03NDExLTRiNzktODg4NS0zN2M5NTQ2YjAzOGZ4dwxjb3JlL2hlYWRpbmd9AXckOTJhMjhiODktYTIyMC00MzNjLWIwZjAtMDYxZDhlOTExYjhieHcSaW1hZ2VseS9tYWluLWJsb2NrdxFbaW1hZ2VseSBpZD0iNjQiXXtCedjC2cIwAH2ttoG8AXckOTVlYmEzMzktNzQxMS00Yjc5LTg4ODUtMzdjOTU0NmIwMzhmfQF3JDNiOWUxYzg4LTY5MjQtNDZhMi05ZjI3LTY2ZTNhNWZiNmI5OHeAATxoMiBjbGFzcz0id3AtYmxvY2staGVhZGluZyI+UHJvamVrdGVudHdpY2tsdW5nIElubmVyc3TDpGR0aXNjaGUgUmV2aXRhbGlzaWVydW5nIHVuZCBOYWNodmVyZGljaHR1bmcgU2VkYW5zdHJhw59lIFJvc2VuaGVpbTwvaDI+fQJ3JDk1ZWJhMzM5LTc0MTEtNGI3OS04ODg1LTM3Yzk1NDZiMDM4ZncMY29yZS9oZWFkaW5nfQF3JDgzZWQyOWNlLTc1MzctNGFhOC05Y2Y3LWZiNTdiOGQ0NmQ5M3cSaW1hZ2VseS9tYWluLWJsb2NrdxFbaW1hZ2VseSBpZD0iNTAiXXckOTVlYmEzMzktNzQxMS00Yjc5LTg4ODUtMzdjOTU0NmIwMzhmfQF3JGQ2NjI2OTJjLWRhN2EtNDE0ZC1iNzJlLWNiZTNhOGEzNTg3Y3ciPGgyIGNsYXNzPSJ3cC1ibG9jay1oZWFkaW5nIj48L2gyPn0CdyQ5MmEyOGI4OS1hMjIwLTQzM2MtYjBmMC0wNjFkOGU5MTFiOGJ3EmltYWdlbHkvbWFpbi1ibG9ja3cRW2ltYWdlbHkgaWQ9IjY0Il13JDNiOWUxYzg4LTY5MjQtNDZhMi05ZjI3LTY2ZTNhNWZiNmI5OHeAATxoMiBjbGFzcz0id3AtYmxvY2staGVhZGluZyI+UHJvamVrdGVudHdpY2tsdW5nIElubmVyc3TDpGR0aXNjaGUgUmV2aXRhbGlzaWVydW5nIHVuZCBOYWNodmVyZGljaHR1bmcgU2VkYW5zdHJhw59lIFJvc2VuaGVpbTwvaDI+dwxjb3JlL2hlYWRpbmd9AnckZDY2MjY5MmMtZGE3YS00MTRkLWI3MmUtY2JlM2E4YTM1ODdjdyI8aDIgY2xhc3M9IndwLWJsb2NrLWhlYWRpbmciPjwvaDI+fQJ3JDk1ZWJhMzM5LTc0MTEtNGI3OS04ODg1LTM3Yzk1NDZiMDM4Zn0BdyQ4M2VkMjljZS03NTM3LTRhYTgtOWNmNy1mYjU3YjhkNDZkOTN3EmltYWdlbHkvbWFpbi1ibG9ja3cRW2ltYWdlbHkgaWQ9IjUwIl13JDk1ZWJhMzM5LTc0MTEtNGI3OS04ODg1LTM3Yzk1NDZiMDM4ZncMY29yZS9oZWFkaW5nfQF9AgfIiZPEDyd0ABoDARoBBgMBAQEBAQEBAQUBAAEDAQABAgEGAQQBAAUAIQCxGQABAAMAAWQBAAEBAQDPBgQBCwUAAQQBAAMAAQEDYyICAgABAAEBAQABAJH\/yaQPAQAA8dWt7Q0BAAC78J3NDQcAAAEAAQABAQECGQEaAYiXz64EAgABAgHtrtOXBAEAAK3bgF4ZAAABAAEAAQEBKQcLBgAaAgEBAgECAAECBAEBAAMABgAkAAEAAlICaxAATDIBJHgbKAA=\",\"updateId\":667513736}","ngg_post_thumbnail":0,"footnotes":""},"class_list":["post-540","page","type-page","status-publish","has-post-thumbnail","hentry"],"_links":{"self":[{"href":"https:\/\/koerner-architekten.de\/index.php?rest_route=\/wp\/v2\/pages\/540","targetHints":{"allow":["GET"]}}],"collection":[{"href":"https:\/\/koerner-architekten.de\/index.php?rest_route=\/wp\/v2\/pages"}],"about":[{"href":"https:\/\/koerner-architekten.de\/index.php?rest_route=\/wp\/v2\/types\/page"}],"author":[{"embeddable":true,"href":"https:\/\/koerner-architekten.de\/index.php?rest_route=\/wp\/v2\/users\/1"}],"replies":[{"embeddable":true,"href":"https:\/\/koerner-architekten.de\/index.php?rest_route=%2Fwp%2Fv2%2Fcomments&post=540"}],"version-history":[{"count":32,"href":"https:\/\/koerner-architekten.de\/index.php?rest_route=\/wp\/v2\/pages\/540\/revisions"}],"predecessor-version":[{"id":2370,"href":"https:\/\/koerner-architekten.de\/index.php?rest_route=\/wp\/v2\/pages\/540\/revisions\/2370"}],"wp:featuredmedia":[{"embeddable":true,"href":"https:\/\/koerner-architekten.de\/index.php?rest_route=\/wp\/v2\/media\/591"}],"wp:attachment":[{"href":"https:\/\/koerner-architekten.de\/index.php?rest_route=%2Fwp%2Fv2%2Fmedia&parent=540"}],"curies":[{"name":"wp","href":"https:\/\/api.w.org\/{rel}","templated":true}]}}