{"id":650,"date":"2019-07-11T09:12:02","date_gmt":"2019-07-11T09:12:02","guid":{"rendered":"http:\/\/koerner-architekten.de\/?page_id=650"},"modified":"2026-04-14T13:19:19","modified_gmt":"2026-04-14T13:19:19","slug":"mehrfamilien","status":"publish","type":"page","link":"https:\/\/koerner-architekten.de\/?page_id=650","title":{"rendered":"Mehrfamilienh\u00e4user"},"content":{"rendered":"\n<h2 class=\"wp-block-heading\">Mehrfamilienhaus Prien am Chiemsee<\/h2>\n\n\n\nngg_shortcode_0_placeholder\n\n\n\n<h2 class=\"wp-block-heading\">Mehrfamilienhaus in M\u00fcnchen-Solln, Bayern<\/h2>\n\n\n\nngg_shortcode_1_placeholder\n\n\n\n<h2 class=\"wp-block-heading\">Innerst\u00e4dtischer Wohnhof in Rosenheim, Bayern<\/h2>\n\n\n\nngg_shortcode_2_placeholder\n\n\n\n<h2 class=\"wp-block-heading\">Wohn- und Gesch\u00e4ftshaus WHITE CUBE in Trebur, Hessen<\/h2>\n\n\n\nngg_shortcode_3_placeholder\n\n\n\n\n\n<h2 class=\"wp-block-heading\">Generationswohnanlage Oderstrasse in Trebur, Hessen<\/h2>\n\n\n\nngg_shortcode_4_placeholder\n\n\n\n<h2 class=\"wp-block-heading\">Umbau Hofgut Fischergasse Trebur, Hessen<\/h2>\n\n\n\nngg_shortcode_5_placeholder\n","protected":false},"excerpt":{"rendered":"<p>Mehrfamilienhaus Prien am Chiemsee Mehrfamilienhaus in M\u00fcnchen-Solln, Bayern Innerst\u00e4dtischer Wohnhof in Rosenheim, Bayern Wohn- und Gesch\u00e4ftshaus WHITE CUBE in Trebur, Hessen Generationswohnanlage Oderstrasse in Trebur, Hessen Umbau Hofgut Fischergasse Trebur, Hessen<\/p>\n","protected":false},"author":1,"featured_media":0,"parent":0,"menu_order":0,"comment_status":"closed","ping_status":"closed","template":"","meta":{"_crdt_document":"{\"document\":\"AAAH59OLkh3qAcsBCCYQkCkABgIBAgoCQkoApAEBAgpKABABAgoCQkoArAEBAgpKABABAgoCQkoAugEBAgpKABABAgpKABABAgoCQkoAuAEBAgpKABABAgoCQkoAogEBAgpKFAEBCABIAgTmM5g0AwF0LgMBblAShAGqAfgCzgoGBLYMBAKWAdgOmg4CDtANig0DAcoNBAIEpA7mDpgOAwGkAewBCgMBugIBAQgASOY8tjwCBAIIDAMABAIWAwAEAgjcAQQCuAH2AbwBAu4+uDwaAwAEGAQYlirWKQECmDQDAcABFAEOggkEGgMABBgE9QEoAycABAAnAAQAhAAnACgEJwAoAScABwAoAycBBAAoACcAhwAoAycAKAAnAIcAKAMnAQQAKAAnAIcAKAMnACgAJwCHACgDJwEEACgAJwCHACgDJwAoACcAhwAoAycAKAAnAIcAKAMnAQQAKAAnAIcAKAMnACgAJwCHACgDJwEEACgAJwCHACgDJwAoACcAKAFHACgCJwEoACcAqAHEBKgAxAOoACgAqACnAAQAKACoCKcABACoB6cABAAoAKgCpwAEAKgERwAoAicBKAAnAMEAxADBAMQAwQDEA8EAxADBAMQAwQDEAMEAxACoASgAqAAEAIQBxLgZhxhzdGF0ZXZlcnNpb25kb2N1bWVudGRhdGVkb2N1bWVudHNsdWdkb2N1bWVudHN0YXR1c2RvY3VtZW50dGl0bGVNZWhyZmFtaWxpZW5ow6R1c2VyZG9jdW1lbnRjb250ZW50PCEtLSB3cDpoZWFkaW5nIC0tPgo8aDIgY2xhc3M9IndwLWJsb2NrLWhlYWRpbmciPk1laHJmYW1pbGllbmhhdXMgaW4gTcO8bmNoZW4tU29sbG4sIEJheWVybjwvaDI+CjwhLS0gL3dwOmhlYWRpbmcgLS0+Cgo8IS0tIHdwOmltYWdlbHkvbmV4dGdlbi1nYWxsZXJ5IC0tPgpbbmdnIHNyYz0iZ2FsbGVyaWVzIiBpZHM9IjEwIiBkaXNwbGF5PSJiYXNpY19zbGlkZXNob3ciXQo8IS0tIC93cDppbWFnZWx5L25leHRnZW4tZ2FsbGVyeSAtLT4KCjwhLS0gd3A6aGVhZGluZyAtLT4KPGgyIGNsYXNzPSJ3cC1ibG9jay1oZWFkaW5nIj5Jbm5lcnN0w6RkdGlzY2hlciBXb2huaG9mIGluIFJvc2VuaGVpbSwgQmF5ZXJuPC9oMj4KPCEtLSAvd3A6aGVhZGluZyAtLT4KCjwhLS0gd3A6aW1hZ2VseS9uZXh0Z2VuLWdhbGxlcnkgLS0+CltuZ2cgc3JjPSJnYWxsZXJpZXMiIGlkcz0iMTEiIGRpc3BsYXk9ImJhc2ljX3NsaWRlc2hvdyJdCjwhLS0gL3dwOmltYWdlbHkvbmV4dGdlbi1nYWxsZXJ5IC0tPgoKPCEtLSB3cDpoZWFkaW5nIC0tPgo8aDIgY2xhc3M9IndwLWJsb2NrLWhlYWRpbmciPldvaG4tIHVuZCBHZXNjaMOkZnRzaGF1cyBXSElURSBDVUJFIGluIFRyZWJ1ciwgSGVzc2VuPC9oMj4KPCEtLSAvd3A6aGVhZGluZyAtLT4KCjwhLS0gd3A6aW1hZ2VseS9uZXh0Z2VuLWdhbGxlcnkgLS0+CltuZ2cgc3JjPSJnYWxsZXJpZXMiIGlkcz0iMTIiIGV4Y2x1c2lvbnM9Ijk4IiBkaXNwbGF5PSJiYXNpY19zbGlkZXNob3ciXQo8IS0tIC93cDppbWFnZWx5L25leHRnZW4tZ2FsbGVyeSAtLT4KCjwhLS0gd3A6aW1hZ2VseS9uZXh0Z2VuLWdhbGxlcnkgLy0tPgoKPCEtLSB3cDpoZWFkaW5nIC0tPgo8aDIgY2xhc3M9IndwLWJsb2NrLWhlYWRpbmciPkdlbmVyYXRpb25zd29obmFubGFnZSBPZGVyc3RyYXNzZSBpbiBUcmVidXIsIEhlc3NlbjwvaDI+CjwhLS0gL3dwOmhlYWRpbmcgLS0+Cgo8IS0tIHdwOmltYWdlbHkvbmV4dGdlbi1nYWxsZXJ5IC0tPgpbbmdnIHNyYz0iZ2FsbGVyaWVzIiBpZHM9IjE0IiBkaXNwbGF5PSJiYXNpY19zbGlkZXNob3ciXQo8IS0tIC93cDppbWFnZWx5L25leHRnZW4tZ2FsbGVyeSAtLT4KCjwhLS0gd3A6aGVhZGluZyAtLT4KPGgyIGNsYXNzPSJ3cC1ibG9jay1oZWFkaW5nIj5VbWJhdSBIb2ZndXQgRmlzY2hlcmdhc3NlIFRyZWJ1ciwgSGVzc2VuPC9oMj4KPCEtLSAvd3A6aGVhZGluZyAtLT4KCjwhLS0gd3A6aW1hZ2VseS9uZXh0Z2VuLWdhbGxlcnkgLS0+CltuZ2cgc3JjPSJnYWxsZXJpZXMiIGlkcz0iMTUiIGRpc3BsYXk9ImJhc2ljX3NsaWRlc2hvdyJdCjwhLS0gL3dwOmltYWdlbHkvbmV4dGdlbi1nYWxsZXJ5IC0tPmRvY3VtZW50ZXhjZXJwdGRvY3VtZW50YXV0aG9yZG9jdW1lbnRmZWF0dXJlZF9tZWRpYWRvY3VtZW50Y29tbWVudF9zdGF0dXNkb2N1bWVudHBpbmdfc3RhdHVzZG9jdW1lbnR0ZW1wbGF0ZWRvY3VtZW50bWV0YW5nZ19wb3N0X3RodW1ibmFpbGZvb3Rub3Rlc2RvY3VtZW50YmxvY2tzY2xpZW50SWRpc1ZhbGlkb3JpZ2luYWxDb250ZW50bmFtZWF0dHJpYnV0ZXNjb250ZW50TWVocmZhbWlsaWVuaGF1cyBpbiBNw7xuY2hlbi1Tb2xsbiwgQmF5ZXJubGV2ZWxpbm5lckJsb2Nrc2NsaWVudElkaXNWYWxpZG9yaWdpbmFsQ29udGVudG5hbWVhdHRyaWJ1dGVzY29udGVudGlubmVyQmxvY2tzY2xpZW50SWRpc1ZhbGlkb3JpZ2luYWxDb250ZW50bmFtZWF0dHJpYnV0ZXNjb250ZW50SW5uZXJzdMOkZHRpc2NoZXIgV29obmhvZiBpbiBSb3NlbmhlaW0sIEJheWVybmxldmVsaW5uZXJCbG9ja3NjbGllbnRJZGlzVmFsaWRvcmlnaW5hbENvbnRlbnRuYW1lYXR0cmlidXRlc2NvbnRlbnRpbm5lckJsb2Nrc2NsaWVudElkaXNWYWxpZG9yaWdpbmFsQ29udGVudG5hbWVhdHRyaWJ1dGVzY29udGVudFdvaG4tIHVuZCBHZXNjaMOkZnRzaGF1cyBXSElURSBDVUJFIGluIFRyZWJ1ciwgSGVzc2VubGV2ZWxpbm5lckJsb2Nrc2NsaWVudElkaXNWYWxpZG9yaWdpbmFsQ29udGVudG5hbWVhdHRyaWJ1dGVzY29udGVudGlubmVyQmxvY2tzY2xpZW50SWRpc1ZhbGlkb3JpZ2luYWxDb250ZW50bmFtZWF0dHJpYnV0ZXNjb250ZW50aW5uZXJCbG9ja3NjbGllbnRJZGlzVmFsaWRvcmlnaW5hbENvbnRlbnRuYW1lYXR0cmlidXRlc2NvbnRlbnRHZW5lcmF0aW9uc3dvaG5hbmxhZ2UgT2RlcnN0cmFzc2UgaW4gVHJlYnVyLCBIZXNzZW5sZXZlbGlubmVyQmxvY2tzY2xpZW50SWRpc1ZhbGlkb3JpZ2luYWxDb250ZW50bmFtZWF0dHJpYnV0ZXNjb250ZW50aW5uZXJCbG9ja3NjbGllbnRJZGlzVmFsaWRvcmlnaW5hbENvbnRlbnRuYW1lYXR0cmlidXRlc2NvbnRlbnRVbWJhdSBIb2ZndXQgRmlzY2hlcmdhc3NlIFRyZWJ1ciwgSGVzc2VubGV2ZWxpbm5lckJsb2Nrc2NsaWVudElkaXNWYWxpZG9yaWdpbmFsQ29udGVudG5hbWVhdHRyaWJ1dGVzY29udGVudGlubmVyQmxvY2tzc3RhdGVzYXZlZEF0c3RhdGVzYXZlZEJ5Y2xpZW50SWRpc1ZhbGlkbmFtZWF0dHJpYnV0ZXNjb250ZW50ZHJvcENhcGlubmVyQmxvY2tzaW1hZ2VseS9tYWluLWJsb2NrIC8tLT4KCjwhLS0gd3A6LS0+CltpbWFnZWx5IGlkPSI2NCJdCjwhLS0gd3A6aW1hZ2VseS9tYWluYmxvY2sgLW9yaWdpbmFsQ29udGVudE1laHJmYW1pbGllbmhhdXMgaW4gTcO8bmNoZW4tU29sbG4sIEJheWVybmxldmVsTWVocmZhbWlsaWVuaGF1cyBpbiBNw7xuY2hlbi1Tb2xsbiwgQmF5ZXJuTWVocmZhbWlsaWVuaGF1cyBpbiBNw7xuY2hlbi1Tb2xsbiwgQmF5ZXJubGV2ZWxNZWhyZmFtaWxpZW5oYXVzIGluIE3DvG5jaGVuLVNvbGxuLCBCYXllcm5jbGllbnRJZGlzVmFsaWRuYW1lYXR0cmlidXRlc2NvbnRlbnRkcm9wQ2FwaW5uZXJCbG9ja3NhZyAtLT4KPHA+PC8+CjwhLS0gL3dwOmFnIC0tPgoKPCEtLSB3cDpsZXZlbE1lZ2hyZmFtaWxpZW5oYXVzIFByaWVuIGFtIENoaWVtc2VlaGVkaW5oMiBjbGFzcz0idy1ibG9jay1oZWFkaW5nIk1laHJmYW1pbGllbmhhdXMgUHJpZW4gYW0gQ2hpZW1zZWVoMmhlZGluBQcIBAgECAYIBRIIBwihFAgHCAYIDggOCAtIAQQSCQgGCAcPBAoHKQULCAcPBAoHCwgHDwQKBy0FCwgHDwQKBwsIBw8ECgc0BQsIBw8ECgcLCAcPBAoHCwgHDwQKBzMFCwgHDwQKBwsIBw8ECgcoBQsIBw8ECgcLBQcFBwgHBApHAAsTQQELGw8GAQ8pBWkABSkIBwQKRwALQQAGQQACC0EADgUCASACAwsPIkIAAxMBBAAAAQAAAAEGAAEBAABXAQEANEIBAQBBAAIAQQAAQQACAEEAAEEAAgBBAABBAABBAAIAQQAAQQACAEEAAEEAAgBCAkEAAgAKQWwCBEEAAgRBAgHZAQB9AXcTMjAxOS0wNy0xMVQwOToxMjowMncMbWVocmZhbWlsaWVudwdwdWJsaXNofQF9AHcGY2xvc2VkdwZjbG9zZWR3AH0AdwB3JDQ2YWJlMGUxLTBhMzctNGQ5Zi1iZWUyLTY3NDI3MTI2NDkzNHh3TDxoMiBjbGFzcz0id3AtYmxvY2staGVhZGluZyI+TWVocmZhbWlsaWVuaGF1cyBpbiBNw7xuY2hlbi1Tb2xsbiwgQmF5ZXJuPC9oMj53DGNvcmUvaGVhZGluZ30CdyRlYzJlMGY1OC1mNzhjLTQ4ZTAtYWQ1OS1iMDE0NjRmOWQ5NDh4dzhbbmdnIHNyYz0iZ2FsbGVyaWVzIiBpZHM9IjEwIiBkaXNwbGF5PSJiYXNpY19zbGlkZXNob3ciXXcXaW1hZ2VseS9uZXh0Z2VuLWdhbGxlcnl3OFtuZ2cgc3JjPSJnYWxsZXJpZXMiIGlkcz0iMTAiIGRpc3BsYXk9ImJhc2ljX3NsaWRlc2hvdyJddyQ5N2FmN2Q3Ny04YzY3LTRjOWMtODNiNC1lMzQwNDFjNjdiZTV4d1A8aDIgY2xhc3M9IndwLWJsb2NrLWhlYWRpbmciPklubmVyc3TDpGR0aXNjaGVyIFdvaG5ob2YgaW4gUm9zZW5oZWltLCBCYXllcm48L2gyPncMY29yZS9oZWFkaW5nfQJ3JGM4YzlkMGE1LTI4MDYtNDVkOS1iMjY4LWM3NjcxNWQzMjY5N3h3OFtuZ2cgc3JjPSJnYWxsZXJpZXMiIGlkcz0iMTEiIGRpc3BsYXk9ImJhc2ljX3NsaWRlc2hvdyJddxdpbWFnZWx5L25leHRnZW4tZ2FsbGVyeXc4W25nZyBzcmM9ImdhbGxlcmllcyIgaWRzPSIxMSIgZGlzcGxheT0iYmFzaWNfc2xpZGVzaG93Il13JDNlNTI4YWJkLTJjZWMtNDJhMC1hOWFkLThjYjZhNzJmOWU5Nnh3VzxoMiBjbGFzcz0id3AtYmxvY2staGVhZGluZyI+V29obi0gdW5kIEdlc2Now6RmdHNoYXVzIFdISVRFIENVQkUgaW4gVHJlYnVyLCBIZXNzZW48L2gyPncMY29yZS9oZWFkaW5nfQJ3JGZmNzJkODAyLTJjZDgtNDJhMC1iODM3LTkzZmUzOTRkMDFiZnh3SFtuZ2cgc3JjPSJnYWxsZXJpZXMiIGlkcz0iMTIiIGV4Y2x1c2lvbnM9Ijk4IiBkaXNwbGF5PSJiYXNpY19zbGlkZXNob3ciXXcXaW1hZ2VseS9uZXh0Z2VuLWdhbGxlcnl3SFtuZ2cgc3JjPSJnYWxsZXJpZXMiIGlkcz0iMTIiIGV4Y2x1c2lvbnM9Ijk4IiBkaXNwbGF5PSJiYXNpY19zbGlkZXNob3ciXXckYjI5ZDU1OGYtN2IxMC00Mjc2LThlODgtYmNkYWM3MTExMTVkeHcAdxdpbWFnZWx5L25leHRnZW4tZ2FsbGVyeXcAdyRkNzU2Y2JmZS0xNTAxLTQ4OWUtOTE1NC0yOWQyYTliZDUyMGN4d1U8aDIgY2xhc3M9IndwLWJsb2NrLWhlYWRpbmciPkdlbmVyYXRpb25zd29obmFubGFnZSBPZGVyc3RyYXNzZSBpbiBUcmVidXIsIEhlc3NlbjwvaDI+dwxjb3JlL2hlYWRpbmd9AnckOTE3OTdlZGMtYzNmOC00NmJkLWJkMzItNjM5YjM5M2IyMDkweHc4W25nZyBzcmM9ImdhbGxlcmllcyIgaWRzPSIxNCIgZGlzcGxheT0iYmFzaWNfc2xpZGVzaG93Il13F2ltYWdlbHkvbmV4dGdlbi1nYWxsZXJ5dzhbbmdnIHNyYz0iZ2FsbGVyaWVzIiBpZHM9IjE0IiBkaXNwbGF5PSJiYXNpY19zbGlkZXNob3ciXXckMTJjMWY0ZDQtZmM0Mi00ZmRkLThiYWEtODAyMDI4YWVhM2RleHdKPGgyIGNsYXNzPSJ3cC1ibG9jay1oZWFkaW5nIj5VbWJhdSBIb2ZndXQgRmlzY2hlcmdhc3NlIFRyZWJ1ciwgSGVzc2VuPC9oMj53DGNvcmUvaGVhZGluZ30CdyQ3ODc4NDRjMC1hZDc4LTQ3MDgtOTIzYy1hNDFlMjkxMTE4OWZ4dzhbbmdnIHNyYz0iZ2FsbGVyaWVzIiBpZHM9IjE1IiBkaXNwbGF5PSJiYXNpY19zbGlkZXNob3ciXXcXaW1hZ2VseS9uZXh0Z2VuLWdhbGxlcnl3OFtuZ2cgc3JjPSJnYWxsZXJpZXMiIGlkcz0iMTUiIGRpc3BsYXk9ImJhc2ljX3NsaWRlc2hvdyJde0J52MIWLTAAe0HtJC6c4AAAdyRjMmMxMWNmOC03MzFlLTRkYzgtODZlNC01YThmN2ZhNWE0NWV4dw5jb3JlL3BhcmFncmFwaHl3JDBiMzEzNDlmLTE0ZmYtNGE0ZS05YjY5LWVkODAyZDBmZWUwY3cSaW1hZ2VseS9tYWluLWJsb2NrdxFbaW1hZ2VseSBpZD0iNjQiXXckNjUyMWEzNDItYTY5OS00OGJkLTkyYWUtYjdiNzBlMWE2M2Zld0w8aDIgY2xhc3M9IndwLWJsb2NrLWhlYWRpbmciPk1laHJmYW1pbGllbmhhdXMgaW4gTcO8bmNoZW4tU29sbG4sIEJheWVybjwvaDI+dwxjb3JlL2hlYWRpbmd9AnckMGIzMTM0OWYtMTRmZi00YTRlLTliNjktZWQ4MDJkMGZlZTBjdxJpbWFnZWx5L21haW4tYmxvY2t3EVtpbWFnZWx5IGlkPSI2NCJddyQwYjMxMzQ5Zi0xNGZmLTRhNGUtOWI2OS1lZDgwMmQwZmVlMGN3EmltYWdlbHkvbWFpbi1ibG9ja3cRW2ltYWdlbHkgaWQ9IjY0Il13JDY1MjFhMzQyLWE2OTktNDhiZC05MmFlLWI3YjcwZTFhNjNmZXdMPGgyIGNsYXNzPSJ3cC1ibG9jay1oZWFkaW5nIj5NZWhyZmFtaWxpZW5oYXVzIGluIE3DvG5jaGVuLVNvbGxuLCBCYXllcm48L2gyPncMY29yZS9oZWFkaW5nfQJ3JDcyOGY0ZjU4LTAyNzQtNGRlZC1hNTdhLTUyMTZiYjk5NmI4Mnc4W25nZyBzcmM9ImdhbGxlcmllcyIgaWRzPSIxMCIgZGlzcGxheT0iYmFzaWNfc2xpZGVzaG93Il13F2ltYWdlbHkvbmV4dGdlbi1nYWxsZXJ5dzhbbmdnIHNyYz0iZ2FsbGVyaWVzIiBpZHM9IjEwIiBkaXNwbGF5PSJiYXNpY19zbGlkZXNob3ciXXckNjUyMWEzNDItYTY5OS00OGJkLTkyYWUtYjdiNzBlMWE2M2Zld0w8aDIgY2xhc3M9IndwLWJsb2NrLWhlYWRpbmciPk1laHJmYW1pbGllbmhhdXMgaW4gTcO8bmNoZW4tU29sbG4sIEJheWVybjwvaDI+dwxjb3JlL2hlYWRpbmd9AnckNjUyMWEzNDItYTY5OS00OGJkLTkyYWUtYjdiNzBlMWE2M2Zld0w8aDIgY2xhc3M9IndwLWJsb2NrLWhlYWRpbmciPk1laHJmYW1pbGllbmhhdXMgaW4gTcO8bmNoZW4tU29sbG4sIEJheWVybjwvaDI+dwxjb3JlL2hlYWRpbmd9AnckNzI4ZjRmNTgtMDI3NC00ZGVkLWE1N2EtNTIxNmJiOTk2YjgydzhbbmdnIHNyYz0iZ2FsbGVyaWVzIiBpZHM9IjEwIiBkaXNwbGF5PSJiYXNpY19zbGlkZXNob3ciXXcXaW1hZ2VseS9uZXh0Z2VuLWdhbGxlcnl3OFtuZ2cgc3JjPSJnYWxsZXJpZXMiIGlkcz0iMTAiIGRpc3BsYXk9ImJhc2ljX3NsaWRlc2hvdyJddyRjOTA0NjBmMy02YTUxLTQ3NTMtYTY0NC1lZDU5MjhlYWU3NGJ4dw5jb3JlL3BhcmFncmFwaHl3JGFlODFiZGViLTI4MTktNGEyZC04ZjJhLWM5MGYwZjNmYWY5Y3cMY29yZS9oZWFkaW5nfQF9AgHn6YXJDhnMCgABAQEqAgABAQEAjAIAAQABAQEBIQAxMANfMwABAAIAAQABAQEDCgALAAEBAQMQAAMA\",\"updateId\":728383078}","ngg_post_thumbnail":0,"footnotes":""},"class_list":["post-650","page","type-page","status-publish","hentry"],"_links":{"self":[{"href":"https:\/\/koerner-architekten.de\/index.php?rest_route=\/wp\/v2\/pages\/650","targetHints":{"allow":["GET"]}}],"collection":[{"href":"https:\/\/koerner-architekten.de\/index.php?rest_route=\/wp\/v2\/pages"}],"about":[{"href":"https:\/\/koerner-architekten.de\/index.php?rest_route=\/wp\/v2\/types\/page"}],"author":[{"embeddable":true,"href":"https:\/\/koerner-architekten.de\/index.php?rest_route=\/wp\/v2\/users\/1"}],"replies":[{"embeddable":true,"href":"https:\/\/koerner-architekten.de\/index.php?rest_route=%2Fwp%2Fv2%2Fcomments&post=650"}],"version-history":[{"count":19,"href":"https:\/\/koerner-architekten.de\/index.php?rest_route=\/wp\/v2\/pages\/650\/revisions"}],"predecessor-version":[{"id":2366,"href":"https:\/\/koerner-architekten.de\/index.php?rest_route=\/wp\/v2\/pages\/650\/revisions\/2366"}],"wp:attachment":[{"href":"https:\/\/koerner-architekten.de\/index.php?rest_route=%2Fwp%2Fv2%2Fmedia&parent=650"}],"curies":[{"name":"wp","href":"https:\/\/api.w.org\/{rel}","templated":true}]}}