{"id":654,"date":"2019-07-11T09:15:02","date_gmt":"2019-07-11T09:15:02","guid":{"rendered":"http:\/\/koerner-architekten.de\/?page_id=654"},"modified":"2026-01-24T16:21:54","modified_gmt":"2026-01-24T16:21:54","slug":"innenraeume-oeffentlich","status":"publish","type":"page","link":"https:\/\/koerner-architekten.de\/?page_id=654","title":{"rendered":"Innenr\u00e4ume"},"content":{"rendered":"\n<p class=\"wp-block-paragraph\"><\/p>\n\n\n\n<h2 class=\"wp-block-heading\">Foyer B\u00fcro- und \u00c4rztehaus<\/h2>\n\n\n\nngg_shortcode_0_placeholder\n\n\n\nngg_shortcode_1_placeholder\n\n\n\n<h2 class=\"wp-block-heading\">Interior Design Foyer K\u00f6nig Ludwig Saal Prien<\/h2>\n\n\n\nngg_shortcode_2_placeholder\n\n\n\n<h2 class=\"wp-block-heading\">Galerie im Alten Rathaus in Prien am Chiemsee &#8211; Barrierefreier Umbau und Umgestaltung, Bayern<\/h2>\n\n\n\nngg_shortcode_3_placeholder\n\n\n\n\n\n<h2 class=\"wp-block-heading\"><\/h2>\n\n\n\n\n\n<h2 class=\"wp-block-heading\">Standesamt Prien am Chiemee &#8211; Umgestaltung, Bayern<\/h2>\n\n\n\nngg_shortcode_4_placeholder\n\n\n\n<h2 class=\"wp-block-heading\">National Assembly Hall &#8211; Innenarchitektonisches Konzept des Auditoriums, Abuja, Nigeria<\/h2>\n\n\n\nngg_shortcode_5_placeholder\n\n\n\n<h2 class=\"wp-block-heading\">Iran Mall in Teheran &#8211; Innenarchitektonisches Konzept des Konzertsaals, Iran<\/h2>\n\n\n\nngg_shortcode_6_placeholder\n\n\n\n<h2 class=\"wp-block-heading\">Motel mit Wohnhaus &#8211; Umbau und Umnutzung Annenof in Trebur, Hessen<\/h2>\n\n\n\nngg_shortcode_7_placeholder\n\n\n\n<p class=\"wp-block-paragraph\"><\/p>\n","protected":false},"excerpt":{"rendered":"<p>Foyer B\u00fcro- und \u00c4rztehaus Interior Design Foyer K\u00f6nig Ludwig Saal Prien Galerie im Alten Rathaus in Prien am Chiemsee &#8211; Barrierefreier Umbau und Umgestaltung, Bayern Standesamt Prien am Chiemee &#8211; Umgestaltung, Bayern National Assembly Hall &#8211; Innenarchitektonisches Konzept des Auditoriums, Abuja, Nigeria Iran Mall in Teheran &#8211; Innenarchitektonisches Konzept des Konzertsaals, Iran Motel mit Wohnhaus &hellip; <\/p>\n<p class=\"link-more\"><a href=\"https:\/\/koerner-architekten.de\/?page_id=654\" class=\"more-link\"><span class=\"screen-reader-text\">\u201eInnenr\u00e4ume\u201c <\/span>weiterlesen<\/a><\/p>\n","protected":false},"author":1,"featured_media":0,"parent":0,"menu_order":0,"comment_status":"closed","ping_status":"closed","template":"","meta":{"_crdt_document":"","ngg_post_thumbnail":0,"footnotes":""},"class_list":["post-654","page","type-page","status-publish","hentry"],"_links":{"self":[{"href":"https:\/\/koerner-architekten.de\/index.php?rest_route=\/wp\/v2\/pages\/654","targetHints":{"allow":["GET"]}}],"collection":[{"href":"https:\/\/koerner-architekten.de\/index.php?rest_route=\/wp\/v2\/pages"}],"about":[{"href":"https:\/\/koerner-architekten.de\/index.php?rest_route=\/wp\/v2\/types\/page"}],"author":[{"embeddable":true,"href":"https:\/\/koerner-architekten.de\/index.php?rest_route=\/wp\/v2\/users\/1"}],"replies":[{"embeddable":true,"href":"https:\/\/koerner-architekten.de\/index.php?rest_route=%2Fwp%2Fv2%2Fcomments&post=654"}],"version-history":[{"count":32,"href":"https:\/\/koerner-architekten.de\/index.php?rest_route=\/wp\/v2\/pages\/654\/revisions"}],"predecessor-version":[{"id":2284,"href":"https:\/\/koerner-architekten.de\/index.php?rest_route=\/wp\/v2\/pages\/654\/revisions\/2284"}],"wp:attachment":[{"href":"https:\/\/koerner-architekten.de\/index.php?rest_route=%2Fwp%2Fv2%2Fmedia&parent=654"}],"curies":[{"name":"wp","href":"https:\/\/api.w.org\/{rel}","templated":true}]}}